{"id":726,"date":"2020-11-03T13:39:24","date_gmt":"2020-11-03T12:39:24","guid":{"rendered":"https:\/\/www.moj-eracun.rs\/cms\/?page_id=726"},"modified":"2021-11-16T19:20:25","modified_gmt":"2021-11-16T18:20:25","slug":"karijera","status":"publish","type":"page","link":"http:\/\/www.moj-eracun.rs\/cms\/karijera\/","title":{"rendered":"Karijera"},"content":{"rendered":"\n<h1>\n\t\tKarijera &#8211; budi deo na\u0161eg tima\n\t<\/h1>\n\t\u017deli\u0161 li biti deo vode\u0107e IT firme na podru\u010dju razmene, upravljanja i arhiviranja digitalnih dokumenata?<br>\nIma\u0161 \u017eelju za napredovanjem i usavr\u0161avanjem, \u017eeli\u0161 da napravi\u0161 promenu i pomogne\u0161 digitalizaciji Srbije?<br>\nVoli\u0161 prodaju ili te zanima sticanje novih znanja iz oblasti ekonomije i IT-a, rad u timu i dru\u017eenje sa ljudima?\n\t\t\t<a href=\"mailto:docloop.office@moj-eracun.rs\" target=\"_blank\" role=\"button\" rel=\"noopener\">\n\t\t\t\t\t\t\tPo\u0161aljite CV\n\t\t\t<\/a>\n\t\t\t<a href=\"https:\/\/rs.jooble.org\/\" target=\"_blank\" role=\"button\" rel=\"noopener\">\n\t\t\t\t\t\tOGLASI ZA POSAO &#8211; JOOBLE\n\t\t\t\t\t<\/a>\n\t\t\t\t<img src=\"https:\/\/www.moj-eracun.rs\/cms\/wp-content\/plugins\/bb-plugin\/img\/pixel.png\" alt=\"\" itemprop=\"image\" onerror=\"this.style.display='none'\">\n<h2>\n\t\tUslovi zaposlenja\n\t<\/h2>\n\t<ul>\n<li>Rad u multinacionalnoj kompaniji i industiji koja bele\u017ei vi\u0161estruki kvartalni-godi\u0161nji rast<\/li>\n<li>Fiksnu platu i bonuse, radno vreme 8-16 (samo radnim danima)<\/li>\n<li>Mogu\u0107nost sticanja znanja iz oblasti prava, ekonomije i IT-a<\/li>\n<li>Stalne edukacije i mogu\u0107nost profesionalnog razvoja<\/li>\n<li>Mogu\u0107nost brzog napredovanja<\/li>\n<li>Mlad, stru\u010dan tim<\/li>\n<\/ul>\n\t<ul>\n<li>Minimum SSS<\/li>\n<li>Napredne ve\u0161tine rada na ra\u010dunaru<\/li>\n<li>Izra\u017eene komunikacione ve\u0161tine<\/li>\n<li>Upornost i fokusiranost na rezultate<\/li>\n<li>Proaktivnost, otvorenost, entuzijazam i pozitivna energija<\/li>\n<li>Pristup usmeren na potrebe korisnika i dobro razumevanje potreba poslovanja<\/li>\n<\/ul>\n","protected":false},"excerpt":{"rendered":"<p>Karijera &#8211; budi deo na\u0161eg tima \u017deli\u0161 li biti deo vode\u0107e IT firme na podru\u010dju razmene, upravljanja i arhiviranja digitalnih dokumenata? Ima\u0161 \u017eelju za napredovanjem i usavr\u0161avanjem, \u017eeli\u0161 da napravi\u0161 promenu i pomogne\u0161 digitalizaciji Srbije? Voli\u0161 prodaju ili te zanima sticanje novih znanja iz oblasti ekonomije i IT-a, rad u timu i dru\u017eenje sa ljudima?&hellip;<\/p>\n","protected":false},"author":1,"featured_media":0,"parent":0,"menu_order":0,"comment_status":"closed","ping_status":"closed","template":"","meta":[],"_links":{"self":[{"href":"http:\/\/www.moj-eracun.rs\/cms\/wp-json\/wp\/v2\/pages\/726"}],"collection":[{"href":"http:\/\/www.moj-eracun.rs\/cms\/wp-json\/wp\/v2\/pages"}],"about":[{"href":"http:\/\/www.moj-eracun.rs\/cms\/wp-json\/wp\/v2\/types\/page"}],"author":[{"embeddable":true,"href":"http:\/\/www.moj-eracun.rs\/cms\/wp-json\/wp\/v2\/users\/1"}],"replies":[{"embeddable":true,"href":"http:\/\/www.moj-eracun.rs\/cms\/wp-json\/wp\/v2\/comments?post=726"}],"version-history":[{"count":1,"href":"http:\/\/www.moj-eracun.rs\/cms\/wp-json\/wp\/v2\/pages\/726\/revisions"}],"predecessor-version":[{"id":1073,"href":"http:\/\/www.moj-eracun.rs\/cms\/wp-json\/wp\/v2\/pages\/726\/revisions\/1073"}],"wp:attachment":[{"href":"http:\/\/www.moj-eracun.rs\/cms\/wp-json\/wp\/v2\/media?parent=726"}],"curies":[{"name":"wp","href":"https:\/\/api.w.org\/{rel}","templated":true}]}}