{"id":48,"date":"2018-06-13T12:25:57","date_gmt":"2018-06-13T11:25:57","guid":{"rendered":"https:\/\/www.moj-eracun.rs\/?page_id=48"},"modified":"2022-02-08T12:27:17","modified_gmt":"2022-02-08T11:27:17","slug":"cenovnik","status":"publish","type":"page","link":"http:\/\/www.moj-eracun.rs\/cms\/cenovnik\/","title":{"rendered":"Cenovnik"},"content":{"rendered":"\n\n\t<h1>Izaberite paket po Va\u0161oj meri<\/h1>\n<p>Svaki novi korisnik za nas je jedinstven. Pripremi\u0107emo za Vas ponudu u skladu sa Va\u0161im potrebama<\/p>\n\t\t<h2>Cenovnik servisa Moj-eRa\u010dun<\/h2>\n\t\t<p>Kontaktirajte nas za cenovnik usluge razmene elektronskih faktura i dokumenata, kao i cenovnik dodatnih usluga<\/p>\n\t\t\t<a href=\"https:\/\/www.moj-eracun.rs\/cms\/zatrazi-cenovnik\/\" target=\"_blank\" role=\"button\" rel=\"noopener\">\n\t\t\t\t\t\t\tZatra\u017eite cenovnik\n\t\t\t<\/a>\n\t\t<h2>Digitalizujte svoje poslovanje<\/h2>\n\t\t<p>Aktivirajte uslugu eRa\u010dun i zapo\u010dnite digitalizaciju svog poslovanja!<\/p>\n\t\t\t<a href=\"https:\/\/www.moj-eracun.rs\/cms\/zatrazite-ponudu\/\" target=\"_self\" role=\"button\" rel=\"noopener\">\n\t\t\t\t\t\t\tZatra\u017eite ponudu\n\t\t\t<\/a>\n\n","protected":false},"excerpt":{"rendered":"<p>Izaberite paket po Va\u0161oj meri Svaki novi korisnik za nas je jedinstven. Pripremi\u0107emo za Vas ponudu u skladu sa Va\u0161im potrebama Cenovnik servisa Moj-eRa\u010dun Kontaktirajte nas za cenovnik usluge razmene elektronskih faktura i dokumenata, kao i cenovnik dodatnih usluga Zatra\u017eite cenovnik Digitalizujte svoje poslovanje Aktivirajte uslugu eRa\u010dun i zapo\u010dnite digitalizaciju svog poslovanja! Zatra\u017eite ponudu<\/p>\n","protected":false},"author":1,"featured_media":0,"parent":0,"menu_order":0,"comment_status":"closed","ping_status":"closed","template":"","meta":[],"_links":{"self":[{"href":"http:\/\/www.moj-eracun.rs\/cms\/wp-json\/wp\/v2\/pages\/48"}],"collection":[{"href":"http:\/\/www.moj-eracun.rs\/cms\/wp-json\/wp\/v2\/pages"}],"about":[{"href":"http:\/\/www.moj-eracun.rs\/cms\/wp-json\/wp\/v2\/types\/page"}],"author":[{"embeddable":true,"href":"http:\/\/www.moj-eracun.rs\/cms\/wp-json\/wp\/v2\/users\/1"}],"replies":[{"embeddable":true,"href":"http:\/\/www.moj-eracun.rs\/cms\/wp-json\/wp\/v2\/comments?post=48"}],"version-history":[{"count":15,"href":"http:\/\/www.moj-eracun.rs\/cms\/wp-json\/wp\/v2\/pages\/48\/revisions"}],"predecessor-version":[{"id":1384,"href":"http:\/\/www.moj-eracun.rs\/cms\/wp-json\/wp\/v2\/pages\/48\/revisions\/1384"}],"wp:attachment":[{"href":"http:\/\/www.moj-eracun.rs\/cms\/wp-json\/wp\/v2\/media?parent=48"}],"curies":[{"name":"wp","href":"https:\/\/api.w.org\/{rel}","templated":true}]}}