{"id":44,"date":"2018-06-13T12:25:31","date_gmt":"2018-06-13T11:25:31","guid":{"rendered":"https:\/\/www.moj-eracun.rs\/?page_id=44"},"modified":"2022-04-02T22:37:46","modified_gmt":"2022-04-02T21:37:46","slug":"aplikacije","status":"publish","type":"page","link":"http:\/\/www.moj-eracun.rs\/cms\/aplikacije\/","title":{"rendered":"APLIKACIJE"},"content":{"rendered":"\n<h1>\n\t\tAplikacije servisa Moj-eRa\u010dun\n\t<\/h1>\n\t<p>Ukoliko ne koristite ra\u010dunovodstveni program ili jo\u0161 nemate integrisan eRa\u010dun modul, svoje eRa\u010dune mo\u017eete slati i primati putem aplikacija.<\/p>\n\t\t\t<a href=\"https:\/\/www.moj-eracun.rs\/cms\/zatrazite-ponudu\/\" target=\"_blank\" role=\"button\" rel=\"noopener\">\n\t\t\t\t\t\t\tZatra\u017eite ponudu\n\t\t\t<\/a>\n\t\t\t\t<img src=\"https:\/\/www.moj-eracun.rs\/cms\/wp-content\/plugins\/bb-plugin\/img\/pixel.png\" alt=\"\" itemprop=\"image\" onerror=\"this.style.display='none'\">\n\t\t\t\t<img loading=\"lazy\" src=\"https:\/\/www.moj-eracun.rs\/cms\/wp-content\/uploads\/2020\/11\/kreiraj-eRacun.png\" alt=\"kreiraj-eRacun\" itemprop=\"image\" title=\"kreiraj-eRacun\" onerror=\"this.style.display='none'\" width=\"2518\" height=\"1126\">\n<h2>\n\t\tAplikacija Kreiraj\n\t<\/h2>\n\t<p>Aplikacija za pojedina\u010dno slanje eRa\u010duna i ostalih eDokumenata. Namenjena je firmama koje mese\u010dno \u0161alju do 50 ra\u010duna, te nemaju potrebu da u svom poslovanju koriste ra\u010dunovodstveni program.<\/p>\n<p>Idealna je za sve one koji izra\u0111uju ra\u010dune u excelu i\/ili wordu.<\/p>\n\t\t\t<a href=\"http:\/\/kreiraj.moj-eracun.rs\/\" target=\"_blank\" role=\"button\" rel=\"noopener\">\n\t\t\t\t\t\t\tPo\u0161alji eRa\u010dun\n\t\t\t<\/a>\n<h2>\n\t\tAplikacija PDF printer\n\t<\/h2>\n\t<p>Najpopularnija aplikacija za pojedina\u010dno slanje eRa\u010duna. Osim eRa\u010duna mo\u017eete slati eOdobrenja, eOpomene i ePriloge.<\/p>\n<p>Aplikacija je idealna za mala i srednja preduze\u0107a.<\/p>\n\t\t\t<a href=\"mailto:prodaja@moj-eracun.rs\" target=\"_self\" role=\"button\" rel=\"noopener\">\n\t\t\t\t\t\t\tPo\u0161aljite upit\n\t\t\t<\/a>\n\t\t\t\t<img loading=\"lazy\" src=\"https:\/\/www.moj-eracun.rs\/cms\/wp-content\/uploads\/2021\/03\/era-sshot.jpg\" alt=\"era-sshot\" itemprop=\"image\" title=\"era-sshot\" onerror=\"this.style.display='none'\" width=\"624\" height=\"396\">\n\t\t\t\t<img loading=\"lazy\" src=\"https:\/\/www.moj-eracun.rs\/cms\/wp-content\/uploads\/2021\/03\/era-ulaz.png\" alt=\"era-ulaz\" itemprop=\"image\" title=\"era-ulaz\" onerror=\"this.style.display='none'\" width=\"600\" height=\"400\">\n<h2>\n\t\teRA ulaz\n\t<\/h2>\n\t<p>Aplikacija za automatsko preuzimanje eRa\u010duna i ostalih eDokumenata. Nakon jednostavne instalacije eRa ulaz postaje va\u0161e eSandu\u010de.<\/p>\n<p>Aplikacija je namenjena za mala, srednja i velika preduze\u0107a.<\/p>\n\t\t\t<a href=\"mailto:prodaja@moj-eracun.rs\" target=\"_self\" role=\"button\" rel=\"noopener\">\n\t\t\t\t\t\t\tPo\u0161aljite upit\n\t\t\t<\/a>\n<h2>\n\t\tAplikacija eRA konverter\n\t<\/h2>\n\t<p>Aplikacija za grupno slanje eRa\u010duna i ostalih eDokumenata. eRA konverter sve va\u0161e ra\u010dune izra\u0111ene u ra\u010dunovodstvenom programu konvertuje i \u0161alje u elektronskom obliku.<\/p>\n<p>Brojna komunalna dru\u0161tva koriste upravo ovu aplikaciju.<\/p>\n\t\t\t<a href=\"mailto:prodaja@moj-eracun.rs\" target=\"_self\" role=\"button\" rel=\"noopener\">\n\t\t\t\t\t\t\tPo\u0161aljite upit\n\t\t\t<\/a>\n\t\t\t\t<img loading=\"lazy\" src=\"https:\/\/www.moj-eracun.rs\/cms\/wp-content\/uploads\/2018\/09\/KonverterDetalji.png\" alt=\"PageLines-KonverterDetalji.png\" itemprop=\"image\" title=\"PageLines-KonverterDetalji.png\" onerror=\"this.style.display='none'\" width=\"1363\" height=\"245\">\n\t\t\t\t<img loading=\"lazy\" src=\"https:\/\/www.moj-eracun.rs\/cms\/wp-content\/uploads\/2021\/03\/scanner.png\" alt=\"scanner\" itemprop=\"image\" title=\"scanner\" onerror=\"this.style.display='none'\" width=\"2126\" height=\"1181\">\n<h2>\n\t\tMoj-DMS skener\n\t<\/h2>\n\t<p>Mobilna aplikacija koja slu\u017ei za skeniranje i unos dokumenata u Moj-DMS sistem. Aplikaciju instalirajte na pametni telefon i kamerom fotografi\u0161ite dokument koji \u017eelite poslati na dalju obradu u Moj-DMS sistem.<\/p>\n<p>Aplikacija je namenjena za sve korisnike Moj-DMS sistema.<\/p>\n\t\t\t<a href=\"mailto:prodaja@moj-eracun.rs\" target=\"_self\" role=\"button\" rel=\"noopener\">\n\t\t\t\t\t\t\tPo\u0161aljite upit\n\t\t\t<\/a>\n<h2>\n\t\tPrednosti eRa\u010duna\n\t<\/h2>\n\t<p>Najve\u0107a prednost servisa Moj-eRa\u010dun je izuzetno visoka stopa preuzetih eRa\u010duna koja iznosi \u010dak 99,5% za to je zaslu\u017ena profesionalna korisni\u010dka podr\u0161ka servisa.<\/p>\n\t<p>Svaki e-Ra\u010dun poslat putem servisa Moj-eRa\u010dun, ima status preporu\u010dene po\u0161iljke. Znate ta\u010dno vreme kada je poslati e-Ra\u010dun preuzet i kada po\u010dinje te\u0107i valuta pla\u0107anja.<\/p>\n\t<p>Moj-eRa\u010dun usluga je integrisana u vi\u0161e od <strong>150 ra\u010dunovodstvenih programa<\/strong>. Ukoliko ne koristite ra\u010duvodstveni program eRa\u010dune mo\u017eete slati putem na\u0161e kreiraj aplikacije.<\/p>\n\t<p>Putem intuitivnog interfejsa pratite statuse svojih ra\u010duna (poslati, dostavljeni, nedostavljeni) i jednostvno ih pretra\u017eujte. Zaglavlje je prilago\u0111eno kako za korisnike sa osnovnim informati\u010dkim znanjem tako i za napredne korisnike.<\/p>\n\t<p>Elektronska faktura servisa Moj-eRa\u010dun overena je aplikativnim sertifikatom i vremenskim \u017eigom, \u0161to je \u010dini pravosna\u017enom prema Zakonu o elektronskom dokumentu, elektronskoj identifikaciji i uslugama od poverenja u elektronskom poslovanju i Zakonu o ra\u010dunovodstvu.<\/p>\n\t\u0160ta ka\u017eete da sve svoje ra\u010dune proknji\u017eite sa nekoliko klikova mi\u0161em bez i jedne gre\u0161ke?<br>\nSlanjem eRa\u010duna ostvarujete izuzetan benefit, primanje eRa\u010duna predstavlja prvi korak prema stvaranju modernog, brzog, i konkuretnog preduze\u0107a.\n\t\t<h2>Digitalizujte svoje poslovanje<\/h2>\n\t\t<p>Aktivirajte uslugu eRa\u010dun i zapo\u010dnite digitalizaciju svog poslovanja!<\/p>\n\t\t\t<a href=\"https:\/\/www.moj-eracun.rs\/cms\/zatrazite-ponudu\/\" target=\"_self\" role=\"button\" rel=\"noopener\">\n\t\t\t\t\t\t\tZatra\u017eite ponudu\n\t\t\t<\/a>\n","protected":false},"excerpt":{"rendered":"<p>Aplikacije servisa Moj-eRa\u010dun Ukoliko ne koristite ra\u010dunovodstveni program ili jo\u0161 nemate integrisan eRa\u010dun modul, svoje eRa\u010dune mo\u017eete slati i primati putem aplikacija. Zatra\u017eite ponudu Aplikacija Kreiraj Aplikacija za pojedina\u010dno slanje eRa\u010duna i ostalih eDokumenata. Namenjena je firmama koje mese\u010dno \u0161alju do 50 ra\u010duna, te nemaju potrebu da u svom poslovanju koriste ra\u010dunovodstveni program. Idealna je&hellip;<\/p>\n","protected":false},"author":1,"featured_media":0,"parent":0,"menu_order":0,"comment_status":"closed","ping_status":"closed","template":"","meta":[],"_links":{"self":[{"href":"http:\/\/www.moj-eracun.rs\/cms\/wp-json\/wp\/v2\/pages\/44"}],"collection":[{"href":"http:\/\/www.moj-eracun.rs\/cms\/wp-json\/wp\/v2\/pages"}],"about":[{"href":"http:\/\/www.moj-eracun.rs\/cms\/wp-json\/wp\/v2\/types\/page"}],"author":[{"embeddable":true,"href":"http:\/\/www.moj-eracun.rs\/cms\/wp-json\/wp\/v2\/users\/1"}],"replies":[{"embeddable":true,"href":"http:\/\/www.moj-eracun.rs\/cms\/wp-json\/wp\/v2\/comments?post=44"}],"version-history":[{"count":9,"href":"http:\/\/www.moj-eracun.rs\/cms\/wp-json\/wp\/v2\/pages\/44\/revisions"}],"predecessor-version":[{"id":1543,"href":"http:\/\/www.moj-eracun.rs\/cms\/wp-json\/wp\/v2\/pages\/44\/revisions\/1543"}],"wp:attachment":[{"href":"http:\/\/www.moj-eracun.rs\/cms\/wp-json\/wp\/v2\/media?parent=44"}],"curies":[{"name":"wp","href":"https:\/\/api.w.org\/{rel}","templated":true}]}}