{"id":435,"date":"2020-07-09T08:19:56","date_gmt":"2020-07-09T07:19:56","guid":{"rendered":"https:\/\/www.moj-eracun.rs\/cms\/?page_id=435"},"modified":"2022-03-01T13:40:40","modified_gmt":"2022-03-01T12:40:40","slug":"erste-moj-eracun","status":"publish","type":"page","link":"http:\/\/www.moj-eracun.rs\/cms\/erste-moj-eracun\/","title":{"rendered":"Zatra\u017eite ponudu"},"content":{"rendered":"\n\n\t\t\t\t<img loading=\"lazy\" src=\"https:\/\/www.moj-eracun.rs\/cms\/wp-content\/uploads\/2020\/08\/mer-ERSTEBANKLOGO.png\" alt=\"PageLines-mer-ERSTEBANKLOGO.png\" itemprop=\"image\" height=\"317\" width=\"1630\" title=\"PageLines-mer-ERSTEBANKLOGO.png\" onerror=\"this.style.display='none'\"  \/>\n\t<p>Erste banka u saradnji sa Servisom Moj-eRa\u010dun Vam omogu\u0107ava da <strong>besplatno \u0161aljete, preuzimate i arhivirate eRa\u010dune i eDokumenata do 01.07.2022.\u00a0<\/strong><\/p>\n\t<pre style=\"display:none !important;\"><!--noptimize--><script type=\"text\/javascript\">\r\n\t function doValidate_1(form)\r\n\t {\r\n\t\tvar form_identifier =  '_1';\r\n\t\tif(typeof cpcff_validation_rules == 'undefined') cpcff_validation_rules = {};\r\n\t\tif(typeof cpcff_validation_rules[form_identifier] == 'undefined') cpcff_validation_rules[form_identifier] = {};\r\n\t\tvar $dexQuery = (fbuilderjQuery) ? fbuilderjQuery : jQuery.noConflict(),\r\n\t\t\t_form = $dexQuery(\"#cp_calculatedfieldsf_pform\"+form_identifier),\r\n\t\t\tform_disabled = function(){\r\n\t\t\t\treturn ('undefined' != typeof _form.data('being-submitted'));\r\n\t\t\t},\r\n\t\t\tdisabling_form = function(){\r\n\t\t\t\tif(form_disabled()) return;\r\n\t\t\t\t_form.find('.pbSubmit').addClass('submitbtn-disabled');\r\n\t\t\t\t_form.data('being-submitted',1);\r\n\t\t\t\tvar d = document.createElement('div');\r\n\t\t\t\t$dexQuery(d).addClass('cff-processing-form').appendTo(_form.find('#fbuilder'));\r\n\t\t\t},\r\n\t\t\tenabling_form = function(){\r\n\t\t\t\t_form.removeData('being-submitted');\r\n\t\t\t\t_form.find('.submitbtn-disabled').removeClass('submitbtn-disabled');\r\n\t\t\t\t_form.find('.cff-processing-form').remove();\r\n\t\t\t};\r\n\t\tif(form_disabled()) return false;\r\n\t\tvar\tcpefb_error = !_form.validate().checkForm(),\r\n\t\t\tvalidation_rules = cpcff_validation_rules[form_identifier],\r\n\t\t\tprocessing_form = function()\r\n\t\t\t{\r\n\t\t\t\t\t\t\t\tfor(var rule in validation_rules)\r\n\t\t\t\t{\r\n\t\t\t\t\tif(!validation_rules[rule]) return;\r\n\t\t\t\t}\r\n\t\t\t\t_form.find(\"[name$='_date']:disabled\").each(function(){\r\n\t\t\t\t\tvar v  \t = $dexQuery(this).val(),\r\n\t\t\t\t\t\tname = $dexQuery(this).attr( 'name' ).replace('_date', ''),\r\n\t\t\t\t\t\te \t = $dexQuery(\"[name='\"+name+\"']\"); if( e.length ){ e.val( $dexQuery.trim( e.val().replace( v, '' ) ) ); }\r\n\t\t\t\t});\r\n\t\t\t\t_form.find(\"select option\").each(function(){\r\n\t\t\t\t\tif( typeof $dexQuery(this).attr(\"vt\") != 'undefined' )\r\n\t\t\t\t\t\t$dexQuery(this).val($dexQuery(this).attr(\"vt\"));\r\n\t\t\t\t});\r\n\t\t\t\t_form.find(\"input:checkbox,input:radio\").each(function(){\r\n\t\t\t\t\tif( typeof $dexQuery(this).attr(\"vt\") != 'undefined' )\r\n\t\t\t\t\t\t$dexQuery(this).val($dexQuery(this).attr(\"vt\"));\r\n\t\t\t\t});\r\n\t\t\t\t_form.find( '.cpcff-recordset' ).remove();\r\n\t\t\t\t_form.find( '.ignore' ).closest( '.fields' ).remove();\r\n\t\t\t\t_form.find('[id^=\"form_structure_\"]').remove();\r\n\t\t\t\tdisabling_form();\r\n\t\t\t\t_form[ 0 ].submit();\r\n\t\t\t};\r\n\t\t_form.find('[name=\"cp_ref_page\"]').value = document.location.href;\r\n\t\t\/* 1: Do not submit if the equations are being evaluated *\/\r\n\t\tvalidation_rules['no_pending'] = !$dexQuery.fbuilder.calculator.processing_queue && !$dexQuery.fbuilder.calculator.thereIsPending(form_identifier);\r\n\t\tif(!validation_rules['no_pending'])\r\n\t\t{\r\n\t\t\t$dexQuery(document).on('equationsQueueEmpty', function(evt, formId){\r\n\t\t\t\tif(formId == form_identifier)\r\n\t\t\t\t{\r\n\t\t\t\t\t$dexQuery(document).off('equationsQueueEmpty');\r\n\t\t\t\t\tvalidation_rules['no_pending']  = true;\r\n\t\t\t\t\tprocessing_form();\r\n\t\t\t\t}\r\n\t\t\t});\r\n\t\t}\r\n\t\t\/* End :1 *\/\r\n\t\tif (cpefb_error==0)\r\n\t\t{\r\n\t\t  if (_form.find('[id^=\"hdcaptcha_cp_calculated_fields_form_post_\"]').val() == '')\r\n\t\t\t{\r\n\t\t\t\talert('Please enter the captcha verification code.');\r\n\t\t\t\treturn false;\r\n\t\t\t}\r\n\t\t\tdisabling_form();\r\n\t\t\tvalidation_rules['captcha'] = false;\r\n\t\t\t$dexQuery.ajax({\r\n\t\t\t\ttype: \"GET\",\r\n\t\t\t\turl:  \"\/\/www.moj-eracun.rs\/cms\",\r\n\t\t\t\tdata: {\r\n\t\t\t\t\tps: form_identifier,\r\n\t\t\t\t\thdcaptcha_cp_calculated_fields_form_post: _form.find('[id^=\"hdcaptcha_cp_calculated_fields_form_post_\"]').val()\r\n\t\t\t\t},\r\n\t\t\t\tsuccess:function(result){\r\n\t\t\t\t\tenabling_form();\r\n\t\t\t\t\tif (result == \"captchafailed\")\r\n\t\t\t\t\t{\r\n\t\t\t\t\t\t_form.find('[id^=\"captchaimg_\"]').attr('src', _form.find('[id^=\"captchaimg_\"]').attr('src')+'&'+Date());\r\n\t\t\t\t\t\talert('Neto\u010dno ste uneli kontrolni kod');\r\n\t\t\t\t\t\treturn false;\r\n\t\t\t\t\t}\r\n\t\t\t\t\telse\r\n\t\t\t\t\t{\r\n\t\t\t\t\t\tvalidation_rules['captcha'] = true;\r\n\t\t\t\t\t\tprocessing_form();\r\n\t\t\t\t\t}\r\n\t\t\t\t}\r\n\t\t\t});\r\n\t\t\t\t}\r\n\t\telse\r\n\t\t{\r\n\t\t\tenabling_form();\r\n\t\t}\r\n\t\treturn false;\r\n\t}\r\n\t<\/script><!--\/noptimize--><\/pre>\r\n\t<form name=\"cp_calculatedfieldsf_pform_1\" id=\"cp_calculatedfieldsf_pform_1\" action=\"http:\/\/www.moj-eracun.rs\/cms\/erste-moj-eracun\/\" method=\"post\" enctype=\"multipart\/form-data\" onsubmit=\"return doValidate_1(this);\" class=\"\">\r\n\t\t\t<input type=\"hidden\" name=\"cp_calculatedfieldsf_pform_psequence\" value=\"_1\" \/><input type=\"hidden\" name=\"cp_calculatedfieldsf_pform_process\" value=\"1\" \/><input type=\"hidden\" name=\"cp_calculatedfieldsf_id\" value=\"3\" \/><input type=\"hidden\" name=\"cp_ref_page\" value=\"http:\/\/www.moj-eracun.rs\/cms\" \/><pre style=\"display:none !important;\"><!--noptimize--><script>form_structure_1=[[{\"form_identifier\":\"\",\"name\":\"fieldname16\",\"shortlabel\":\"\",\"index\":0,\"ftype\":\"fdiv\",\"userhelp\":\"\",\"userhelpTooltip\":false,\"tooltipIcon\":false,\"csslayout\":\"\",\"fields\":[\"fieldname17\",\"fieldname3\",\"fieldname5\",\"fieldname6\",\"fieldname7\",\"fieldname18\"],\"columns\":\"2\",\"rearrange\":0,\"title\":\"div\",\"collapsed\":false,\"fBuild\":{},\"parent\":\"\"},{\"form_identifier\":\"\",\"name\":\"fieldname10\",\"shortlabel\":\"\",\"index\":1,\"ftype\":\"fradio\",\"userhelp\":\"\",\"userhelpTooltip\":false,\"tooltipIcon\":false,\"csslayout\":\"\",\"title\":\"Odaberite \\u017eeljenu opciju:\",\"layout\":\"one_column\",\"required\":true,\"toSubmit\":\"text\",\"choiceSelected\":\"\",\"showDep\":true,\"untickAccepted\":true,\"choices\":[\"Aktivacija slanja eRa\\u010duna (ERSTE korisnici)\",\"Produ\\u017eenje ugovora\",\"Pove\\u0107anje\\\/smanjenje paketa\"],\"choicesVal\":[\"Aktivacija slanja eRa\\u010duna (ERSTE korisnici)\",\"Produ\\u017eenje ugovora\",\"Pove\\u0107anje\\\/smanjenje paketa\"],\"choicesDep\":[[\"fieldname9\",\"fieldname11\"],[],[]],\"fBuild\":{},\"parent\":\"\"},{\"form_identifier\":\"\",\"name\":\"fieldname9\",\"shortlabel\":\"\",\"index\":2,\"ftype\":\"fnumber\",\"userhelp\":\"\",\"userhelpTooltip\":false,\"tooltipIcon\":false,\"csslayout\":\"\",\"title\":\"Mese\\u010dni broj ra\\u010duna koji \\u0161aljete prema pravnim licima\",\"predefined\":\"\",\"predefinedClick\":false,\"required\":true,\"readonly\":false,\"size\":\"small\",\"thousandSeparator\":\"\",\"decimalSymbol\":\".\",\"min\":\"1\",\"max\":\"\",\"formatDynamically\":false,\"dformat\":\"digits\",\"formats\":[\"digits\",\"number\",\"percent\"],\"fBuild\":{},\"parent\":\"\"},{\"form_identifier\":\"\",\"name\":\"fieldname11\",\"shortlabel\":\"\",\"index\":3,\"ftype\":\"fradio\",\"userhelp\":\"\",\"userhelpTooltip\":false,\"tooltipIcon\":false,\"csslayout\":\"\",\"title\":\"Odaberite na\\u010din kako \\u0107ete slati eRa\\u010dune\",\"layout\":\"one_column\",\"required\":false,\"toSubmit\":\"text\",\"choiceSelected\":\"\",\"showDep\":true,\"untickAccepted\":true,\"choices\":[\"Aplikacija servisa Moj-eRa\\u010dun \\u0022Kreiraj\\u0022\",\"Direktno iz svog ra\\u010dunovodstvenog programa\"],\"choicesVal\":[\"Aplikacija servisa Moj-eRa\\u010dun \\u0022Kreiraj\\u0022\",\"Direktno iz svog ra\\u010dunovodstvenog programa\"],\"choicesDep\":[[],[\"fieldname12\",\"fieldname13\"]],\"fBuild\":{},\"parent\":\"\"},{\"form_identifier\":\"\",\"name\":\"fieldname12\",\"shortlabel\":\"\",\"index\":4,\"ftype\":\"ftext\",\"userhelp\":\"\",\"userhelpTooltip\":false,\"tooltipIcon\":false,\"csslayout\":\"\",\"title\":\"Upi\\u0161ite naziv svog ra\\u010dunovodstvenog programa\",\"predefined\":\"\",\"predefinedClick\":false,\"required\":false,\"readonly\":false,\"size\":\"medium\",\"minlength\":\"\",\"maxlength\":\"\",\"equalTo\":\"\",\"regExp\":\"\",\"regExpMssg\":\"\",\"fBuild\":{},\"parent\":\"\"},{\"form_identifier\":\"\",\"name\":\"fieldname13\",\"shortlabel\":\"\",\"index\":5,\"ftype\":\"ftext\",\"userhelp\":\"\",\"userhelpTooltip\":false,\"tooltipIcon\":false,\"csslayout\":\"\",\"title\":\"Ukoliko koristite usluge spoljnog knjigovodstvenog servisa, molimo navedite kojeg\",\"predefined\":\"\",\"predefinedClick\":false,\"required\":false,\"readonly\":false,\"size\":\"medium\",\"minlength\":\"\",\"maxlength\":\"\",\"equalTo\":\"\",\"regExp\":\"\",\"regExpMssg\":\"\",\"fBuild\":{},\"parent\":\"\"},{\"form_identifier\":\"\",\"name\":\"fieldname14\",\"shortlabel\":\"\",\"index\":6,\"ftype\":\"ftextarea\",\"userhelp\":\"\",\"userhelpTooltip\":false,\"tooltipIcon\":false,\"csslayout\":\"\",\"title\":\"Napomene\",\"predefined\":\"\",\"predefinedClick\":false,\"required\":false,\"readonly\":false,\"size\":\"medium\",\"minlength\":\"\",\"maxlength\":\"\",\"rows\":4,\"fBuild\":{},\"parent\":\"\"},{\"form_identifier\":\"\",\"name\":\"fieldname17\",\"shortlabel\":\"\",\"index\":7,\"ftype\":\"ftext\",\"userhelp\":\"\",\"userhelpTooltip\":false,\"tooltipIcon\":false,\"csslayout\":\"\",\"title\":\"PIB pravnog subjekta\",\"predefined\":\"\",\"predefinedClick\":false,\"required\":true,\"readonly\":false,\"size\":\"large\",\"minlength\":\"\",\"maxlength\":\"9\",\"equalTo\":\"\",\"regExp\":\"\",\"regExpMssg\":\"\",\"fBuild\":{},\"parent\":\"fieldname16\"},{\"form_identifier\":\"\",\"name\":\"fieldname3\",\"shortlabel\":\"\",\"index\":8,\"ftype\":\"ftext\",\"userhelp\":\"\",\"userhelpTooltip\":false,\"tooltipIcon\":false,\"csslayout\":\"\",\"title\":\"Naziv kompanije\",\"predefined\":\"\",\"predefinedClick\":false,\"required\":true,\"readonly\":false,\"size\":\"large\",\"minlength\":\"\",\"maxlength\":\"\",\"equalTo\":\"\",\"regExp\":\"\",\"regExpMssg\":\"\",\"fBuild\":{},\"parent\":\"fieldname16\"},{\"form_identifier\":\"\",\"name\":\"fieldname5\",\"shortlabel\":\"\",\"index\":9,\"ftype\":\"ftext\",\"userhelp\":\"\",\"userhelpTooltip\":false,\"tooltipIcon\":false,\"csslayout\":\"\",\"title\":\"Adresa kompanije\",\"predefined\":\"\",\"predefinedClick\":false,\"required\":true,\"readonly\":false,\"size\":\"large\",\"minlength\":\"\",\"maxlength\":\"\",\"equalTo\":\"\",\"regExp\":\"\",\"regExpMssg\":\"\",\"fBuild\":{},\"parent\":\"fieldname16\"},{\"form_identifier\":\"\",\"name\":\"fieldname6\",\"shortlabel\":\"\",\"index\":10,\"ftype\":\"ftext\",\"userhelp\":\"\",\"userhelpTooltip\":false,\"tooltipIcon\":false,\"csslayout\":\"\",\"title\":\"Ime i prezime\",\"predefined\":\"\",\"predefinedClick\":false,\"required\":true,\"readonly\":false,\"size\":\"large\",\"minlength\":\"\",\"maxlength\":\"\",\"equalTo\":\"\",\"regExp\":\"\",\"regExpMssg\":\"\",\"fBuild\":{},\"parent\":\"fieldname16\"},{\"form_identifier\":\"\",\"name\":\"fieldname7\",\"shortlabel\":\"\",\"index\":11,\"ftype\":\"femail\",\"userhelp\":\"\",\"userhelpTooltip\":false,\"tooltipIcon\":false,\"csslayout\":\"\",\"title\":\"Email\",\"predefined\":\"\",\"predefinedClick\":false,\"required\":true,\"readonly\":false,\"size\":\"large\",\"equalTo\":\"\",\"fBuild\":{},\"parent\":\"fieldname16\"},{\"form_identifier\":\"\",\"name\":\"fieldname18\",\"shortlabel\":\"\",\"index\":12,\"ftype\":\"ftext\",\"userhelp\":\"\",\"userhelpTooltip\":false,\"tooltipIcon\":false,\"csslayout\":\"\",\"title\":\"Telefon\",\"predefined\":\"\",\"predefinedClick\":false,\"required\":true,\"readonly\":false,\"size\":\"large\",\"minlength\":\"\",\"maxlength\":\"\",\"equalTo\":\"\",\"regExp\":\"\",\"regExpMssg\":\"\",\"fBuild\":{},\"parent\":\"fieldname16\"},{\"form_identifier\":\"\",\"name\":\"fieldname19\",\"shortlabel\":\"\",\"index\":13,\"ftype\":\"facceptance\",\"userhelp\":\"\",\"userhelpTooltip\":false,\"tooltipIcon\":false,\"csslayout\":\"\",\"title\":\"Prihvatam Op\\u0161te uslove poslovanja.\",\"value\":\"prihvatam\",\"url\":\"\",\"message\":\"\",\"required\":true,\"fBuild\":{},\"parent\":\"\"}],{\"0\":{\"title\":\"\",\"description\":\"\",\"formlayout\":\"top_aligned\",\"request_cost\":\"fieldname10\",\"formtemplate\":\"cp_cff_clean\",\"evalequations\":1,\"evalequationsevent\":2,\"autocomplete\":1,\"persistence\":0,\"customstyles\":\"\"},\"formid\":\"cp_calculatedfieldsf_pform_1\",\"setCache\":false,\"cache\":false}];<\/script><!--\/noptimize--><\/pre>\r\n\t\t<div id=\"fbuilder\">\r\n\t\t\t<div id=\"fbuilder_1\">\r\n\t\t\t\t<div id=\"formheader_1\"><\/div>\r\n\t\t\t\t<div id=\"fieldlist_1\"><\/div>\r\n\t\t\t<\/div>\r\n\t\t\t<div id=\"cpcaptchalayer_1\" class=\"cpcaptchalayer\" style=\"display:none;\">\r\n\t\t\t            \t\t\t<div class=\"fields\" id=\"field-c0\" style=\"display:none\">\r\n\t\t\t\t<label>Payment options<\/label>\r\n\t\t\t\t<div class=\"dfield\">\r\n\t\t\t\t \t\t\t\t <!--addons-payment-options-->\r\n    \t\t\t \t\t\t\t<\/div>\r\n\t\t\t\t<div class=\"clearer\"><\/div>\r\n\t\t\t<\/div>\r\n\t\t\t<!--addons-payment-fields-->\r\n\t\t\t\t\t\t\t<div class=\"fields\">\r\n\t\t\t\t\t<label>Molimo unesite kontrolni kod<\/label>\r\n\t\t\t\t\t<div class=\"dfield\">\r\n\t\t\t\t\t\t<img src=\"http:\/\/www.moj-eracun.rs\/cms\/?cp_calculatedfieldsf=captcha&amp;ps=_1&amp;inAdmin=1&amp;width=180&amp;height=60&amp;letter_count=3&amp;min_size=25&amp;max_size=30&amp;noise=200&amp;noiselength=3&amp;bcolor=ffffff&amp;border=000000&amp;font=font-3.ttf\"  id=\"captchaimg_1\" alt=\"security code\" border=\"0\" title=\"Osve\u017ei kontrolni kod\" width=\"180\" height=\"60\" \/>\r\n\t\t\t\t\t<\/div>\r\n\t\t\t\t\t<div class=\"clearer\"><\/div>\r\n\t\t\t\t<\/div>\r\n\t\t\t\t<div class=\"fields\">\r\n\t\t\t\t\t<label>Kontrolni kod (upisujte mala slova)<\/label>\r\n\t\t\t\t\t<div class=\"dfield\">\r\n\t\t\t\t\t\t<input type=\"text\" size=\"20\" name=\"hdcaptcha_cp_calculated_fields_form_post\" id=\"hdcaptcha_cp_calculated_fields_form_post_1\" value=\"\" \/>\r\n\t\t\t\t\t\t<div class=\"error message\" id=\"hdcaptcha_error_1\" style=\"display:none;\"><\/div>\r\n\t\t\t\t\t<\/div>\r\n\t\t\t\t\t<div class=\"clearer\"><\/div>\r\n\t\t\t\t<\/div>\r\n\t\t\t\t\t\t<!--add-ons-->\r\n\t\t\t<\/div>\r\n\t\t\t\t\t\t<div id=\"cp_subbtn_1\" class=\"cp_subbtn\" style=\"display:none;\">Po\u0161aljite upit<\/div>\r\n\t\t\t\t\t\t<div class=\"clearer\"><\/div>\r\n\t\t<\/div>\r\n\t    <\/form>\r\n\n","protected":false},"excerpt":{"rendered":"<p>Erste banka u saradnji sa Servisom Moj-eRa\u010dun Vam omogu\u0107ava da besplatno \u0161aljete, preuzimate i arhivirate eRa\u010dune i eDokumenata do 01.07.2022.\u00a0<\/p>\n","protected":false},"author":1,"featured_media":0,"parent":0,"menu_order":0,"comment_status":"closed","ping_status":"closed","template":"","meta":[],"_links":{"self":[{"href":"http:\/\/www.moj-eracun.rs\/cms\/wp-json\/wp\/v2\/pages\/435"}],"collection":[{"href":"http:\/\/www.moj-eracun.rs\/cms\/wp-json\/wp\/v2\/pages"}],"about":[{"href":"http:\/\/www.moj-eracun.rs\/cms\/wp-json\/wp\/v2\/types\/page"}],"author":[{"embeddable":true,"href":"http:\/\/www.moj-eracun.rs\/cms\/wp-json\/wp\/v2\/users\/1"}],"replies":[{"embeddable":true,"href":"http:\/\/www.moj-eracun.rs\/cms\/wp-json\/wp\/v2\/comments?post=435"}],"version-history":[{"count":6,"href":"http:\/\/www.moj-eracun.rs\/cms\/wp-json\/wp\/v2\/pages\/435\/revisions"}],"predecessor-version":[{"id":1440,"href":"http:\/\/www.moj-eracun.rs\/cms\/wp-json\/wp\/v2\/pages\/435\/revisions\/1440"}],"wp:attachment":[{"href":"http:\/\/www.moj-eracun.rs\/cms\/wp-json\/wp\/v2\/media?parent=435"}],"curies":[{"name":"wp","href":"https:\/\/api.w.org\/{rel}","templated":true}]}}