{"id":40,"date":"2018-06-13T12:25:11","date_gmt":"2018-06-13T11:25:11","guid":{"rendered":"https:\/\/www.moj-eracun.rs\/?page_id=40"},"modified":"2022-04-10T13:44:17","modified_gmt":"2022-04-10T12:44:17","slug":"moj-dms","status":"publish","type":"page","link":"http:\/\/www.moj-eracun.rs\/cms\/moj-dms\/","title":{"rendered":"MOJ-DMS"},"content":{"rendered":"\n<h1>\n\t\tMoj-DMS | Upravljanje elektronskim dokumentima\n\t<\/h1>\n\t<p>Moj-DMS je sistem za upravljanje i tok poslovnih dokumenata koji omogu\u0107ava digitalno razvrstavanje, pretragu, odobravanje i elektronsko potpisivanje svih va\u0161ih dokumenata.<\/p>\n\t\t\t<a href=\"https:\/\/www.moj-eracun.rs\/cms\/zatrazite-ponudu\/\" target=\"_blank\" role=\"button\" rel=\"noopener\">\n\t\t\t\t\t\t\tZatra\u017eite ponudu\n\t\t\t<\/a>\n\t\t\t<a href=\"http:\/\/dms.moj-eracun.rs\/Account\/LoginAngular?ReturnUrl=%2F\" target=\"_blank\" role=\"button\" rel=\"noopener\">\n\t\t\t\t\t\t\tPrijavite se\n\t\t\t<\/a>\n\t\t\t\t<img src=\"https:\/\/www.moj-eracun.rs\/cms\/wp-content\/plugins\/bb-plugin\/img\/pixel.png\" alt=\"\" itemprop=\"image\" onerror=\"this.style.display='none'\"  \/>\n\t\t\t\t<img loading=\"lazy\" src=\"https:\/\/www.moj-eracun.rs\/cms\/wp-content\/uploads\/2020\/11\/dms.png\" alt=\"dms\" itemprop=\"image\" height=\"228\" width=\"800\" title=\"dms\" onerror=\"this.style.display='none'\"  \/>\n<h2>\n\t\tZa\u0161to Moj-DMS?\n\t<\/h2>\n\t<p>Moj-DMS sistem sadr\u017ei predefinisane mape (poput IRA, URA, Ugovori, Putni nalozi i sl.) \u0161to ga \u010dini trenutno operativnim i jednostavnim za kori\u0161\u0107enje.<\/p>\n\t\t<h2>Digitalizujte svoje poslovanje<\/h2>\n\t\t<p>Aktivirajte uslugu eRa\u010dun i zapo\u010dnite digitalizaciju svog poslovanja!<\/p>\n\t\t\t<a href=\"https:\/\/www.moj-eracun.rs\/cms\/zatrazite-ponudu\/\" target=\"_self\" role=\"button\" rel=\"noopener\">\n\t\t\t\t\t\t\tZatra\u017eite ponudu\n\t\t\t<\/a>\n<h2>\n\t\tNajva\u017enije prednosti Moj-DMS sistema\n\t<\/h2>\n\t<p>Zaposleni dodaju komentare i dodeljuju oznake (odobren, potpisan, arhiviran i sl.)<\/p>\n\t<p>Digitalno arhivirana dokumentacija je lako pretra\u017eiva i sigurna.<\/p>\n\t<p>Istovremena saradnja vi\u0161e osoba ili sektora na istom dokumentu<\/p>\n\t<p>Jednom u\u010ditani dokument je vrlo lako prona\u0107i i nemogu\u0107e izgubiti.<\/p>\n\t<p>Kreiranje prava pristupa i potpuni pregled istorije rada na dokumentu.<\/p>\n\t<p>Svi dokumenti se nalaze na jednom mestu, eliminacija dislociranosti<\/p>\n\t<p>Pristup i upravljanje putem pametnog telefona, tableta ili ra\u010dunara.<\/p>\n\t<p>Ubrzavanje poslovnih procesa i stvaranje dodatnog vremena za zaposlene<\/p>\n\t\t<h2>Proverite ostale eDokumente<\/h2>\n\t\t<p>Pored eRa\u010duna, putem servisa Moj-eRa\u010dun mo\u017eete razmenjivati i druge eDokumente<\/p>\n\t\t\t<a href=\"https:\/\/www.moj-eracun.rs\/cms\/e-dokumenti\/\" target=\"_blank\" role=\"button\" rel=\"noopener\">\n\t\t\t\t\t\tSaznajte vi\u0161e\n\t\t\t\t\t<\/a>\n\n","protected":false},"excerpt":{"rendered":"<p>Moj-DMS | Upravljanje elektronskim dokumentima Moj-DMS je sistem za upravljanje i tok poslovnih dokumenata koji omogu\u0107ava digitalno razvrstavanje, pretragu, odobravanje i elektronsko potpisivanje svih va\u0161ih dokumenata. Zatra\u017eite ponudu Prijavite se Za\u0161to Moj-DMS? Moj-DMS sistem sadr\u017ei predefinisane mape (poput IRA, URA, Ugovori, Putni nalozi i sl.) \u0161to ga \u010dini trenutno operativnim i jednostavnim za kori\u0161\u0107enje. Digitalizujte&hellip;<\/p>\n","protected":false},"author":1,"featured_media":0,"parent":0,"menu_order":0,"comment_status":"closed","ping_status":"closed","template":"","meta":[],"_links":{"self":[{"href":"http:\/\/www.moj-eracun.rs\/cms\/wp-json\/wp\/v2\/pages\/40"}],"collection":[{"href":"http:\/\/www.moj-eracun.rs\/cms\/wp-json\/wp\/v2\/pages"}],"about":[{"href":"http:\/\/www.moj-eracun.rs\/cms\/wp-json\/wp\/v2\/types\/page"}],"author":[{"embeddable":true,"href":"http:\/\/www.moj-eracun.rs\/cms\/wp-json\/wp\/v2\/users\/1"}],"replies":[{"embeddable":true,"href":"http:\/\/www.moj-eracun.rs\/cms\/wp-json\/wp\/v2\/comments?post=40"}],"version-history":[{"count":5,"href":"http:\/\/www.moj-eracun.rs\/cms\/wp-json\/wp\/v2\/pages\/40\/revisions"}],"predecessor-version":[{"id":1606,"href":"http:\/\/www.moj-eracun.rs\/cms\/wp-json\/wp\/v2\/pages\/40\/revisions\/1606"}],"wp:attachment":[{"href":"http:\/\/www.moj-eracun.rs\/cms\/wp-json\/wp\/v2\/media?parent=40"}],"curies":[{"name":"wp","href":"https:\/\/api.w.org\/{rel}","templated":true}]}}