{"id":36,"date":"2018-06-13T12:24:40","date_gmt":"2018-06-13T11:24:40","guid":{"rendered":"https:\/\/www.moj-eracun.rs\/?page_id=36"},"modified":"2024-01-05T11:45:09","modified_gmt":"2024-01-05T10:45:09","slug":"e-racun","status":"publish","type":"page","link":"http:\/\/www.moj-eracun.rs\/cms\/e-racun\/","title":{"rendered":"Elektronske fakture &#8211; slanje eRa\u010duna brzo i pouzdano"},"content":{"rendered":"\n<h1>\n\t\tElektronske fakture &#8211; slanje eRa\u010duna (eFaktura) brzo i pouzdano\n\t<\/h1>\n\t<p>Servis koji vam pru\u017ea mogu\u0107nost slanja eRa\u010duna (elektronskih faktura) putem na\u0161e veb aplikacije ili iz va\u0161eg knjigovodstvenog re\u0161enja.<\/p>\n\t\t\t<a href=\"https:\/\/www.moj-eracun.rs\/cms\/zatrazite-ponudu\/\" target=\"_blank\" role=\"button\" rel=\"noopener\">\n\t\t\t\t\t\t\tZatra\u017eite ponudu\n\t\t\t<\/a>\n\t\t\t<a href=\"http:\/\/kreiraj.moj-eracun.rs\/\" target=\"_blank\" role=\"button\" rel=\"noopener\">\n\t\t\t\t\t\t\tPo\u0161aljite eRa\u010dun\n\t\t\t<\/a>\n\t\t\t\t<img src=\"https:\/\/www.moj-eracun.rs\/cms\/wp-content\/plugins\/bb-plugin\/img\/pixel.png\" alt=\"\" itemprop=\"image\" onerror=\"this.style.display='none'\">\n<h2>\n\t\tSadr\u017eaj\n\t<\/h2>\n\t<p><a href=\"https:\/\/www.moj-eracun.rs\/cms\/webinar-koriscenje-eracuna\/\"><em>BESPLATNA video edukacija &#8211; April 2022<\/em><\/a><\/p>\n<p><a href=\"#staje\"><em>\u0160ta je elektronska faktura?<\/em><\/a><\/p>\n<p><a href=\"#pdfxml\">Primer elektronske fakture (PDF i XML struktura)<\/a><\/p>\n<p><a href=\"#struktura\"><em>Struktuirani oblik vs. Nestruktuirani oblik<\/em><\/a><\/p>\n<p><a href=\"#obaveznielementi\"><em>Obavezni elementi elektronske fakture<\/em><\/a><\/p>\n<p><a href=\"#zakonoelfakturi\"><em>Zakon o elektronskom fakturisanju &#8211; Tuma\u010denje<\/em><\/a><\/p>\n<p><a href=\"#zasto\"><em>Za\u0161to eFaktura?<\/em><\/a><\/p>\n<p><a href=\"#prednostiefakture\"><em>Prednosti eFakture<\/em><\/a><\/p>\n<p><a href=\"https:\/\/www.moj-eracun.rs\/cms\/kalkulator-ustede\/\"><em>Kalkulator u\u0161tede<\/em><\/a><\/p>\n<p><a href=\"#ostaliedokumenti\"><em>Proverite ostale eDokumente<\/em><\/a><\/p>\n<h2>\n\t\t\u0160ta je elektronska faktura?\n\t<\/h2>\n\t<p>Faktura (ra\u010dun) se smatra formalnim dokumentom koji se izdaje kupcu od strane prodavca ili dobavlja\u010da. Ovim dokumentom se zahteva pla\u0107anje za prodaju robe ili pru\u017eanje usluga. Nakon stupanja na snagu Zakona o elektronskom fakturisanju uvodi se nova zakonska regulativa koja defini\u0161e pojam &#8211; <strong>Elektronsko <\/strong><strong>fakturisanje<\/strong>, odnosno <strong>elektronske fakture<\/strong>.<\/p>\n<p><strong>Elektronska faktura<\/strong> (eRa\u010dun) predstavlja zakonski dokument koji se izra\u0111uje, prima i obra\u0111uje elektronskim putem. Da bi bila validna potrebno je da ima spolja\u0161nju (PDF) i unutra\u0161nju (XML) strukturu. Kao celovit dokument sa navedenim strukturama ona se prosle\u0111uje u dr\u017eavni <strong>SEF<\/strong> &#8211; <strong>Sistem elektronskih faktura<\/strong>.<\/p>\n<h2>\n\t\tPrimer elektronske fakture (PDF i XML struktura)\n\t<\/h2>\n\t\t\t\t<img loading=\"lazy\" src=\"https:\/\/www.moj-eracun.rs\/cms\/wp-content\/uploads\/2022\/03\/Screenshot_1.png\" alt=\"PDF struktura el. fakture\" itemprop=\"image\" title=\"Screenshot_1\" onerror=\"this.style.display='none'\" width=\"1132\" height=\"861\">\n\t\tPDF &#8211; Spolja\u0161nji element koji predstavlja vizuelizaciju eFakture i uglavnom je poslovna zajednica upoznata sa ovom strukturom. \n\t\t\t\t<img loading=\"lazy\" src=\"https:\/\/www.moj-eracun.rs\/cms\/wp-content\/uploads\/2022\/03\/XML-za-prezi.png\" alt=\"XML struktura el. fakture\" itemprop=\"image\" title=\"XML-za-prezi\" onerror=\"this.style.display='none'\" width=\"1546\" height=\"857\">\n\t\tXML &#8211; Unutra\u0161nji (prate\u0107i) element koji omogu\u0107uje da se podaci iz spolja\u0161njeg elementa obrade od strane ra\u010dunara na brz i siguran na\u010din garantuju\u0107i da \u0107e svi podaci biti bezbedno dostavljeni krajnjem komitentu. \n<h2>\n\t\tStruktuirani oblik vs. Nestruktuirani oblik\n\t<\/h2>\n\t<p>Struktuirane <strong>elektronske fakture<\/strong> ubrzavaju proces fakturisanja &#8211; od porud\u017ebine do pla\u0107anja. Ovakav ure\u0111en oblik fakture mo\u017eemo posmatrati kao skup bitnih poslovnih informacija u organizovanom tekstu koje je mogu\u0107e prepoznati od strane korisnika, ali i od strane baze podataka.<\/p>\n<p>Kori\u0161\u0107enje strukturirane e-fakture zna\u010di da suprotno neformatiranom tekstu u elektronskom obliku, strukturirana e-faktura ima unapred definisan format koji je poznat trgovinskim partnerima i koji omogu\u0107ava njihovim sistemima da obrade podatke koje ona sadr\u017ei na brz i automatizovan na\u010din.<\/p>\n<h2>\n\t\tObavezni elementi elektronske fakture\n\t<\/h2>\n\t<p>1) MB (mati\u010dni broj), naziv, adresu, PIB (poreski identifikacioni broj) i poslovni ra\u010dun izdavaoca;<\/p>\n<p>2) MB (mati\u010dni broj), naziv, adresu, PIB (poreski identifikacioni broj) i poslovni ra\u010dun primaoca;<\/p>\n<p>3) Jedinstveni broj korisnika javnih sredstava (JBKJS) izdavaoca;<\/p>\n<p>4) Jedinstveni broj korisnika javnih sredstava (JBKJS) primaoca, ukoliko je primalac korisnik javnih sredstava koji se nalazi na spisku korisnika javnih sredstava;<\/p>\n<p>5) Redni broj e-fakture;<\/p>\n<p>6) Datum izdavanja e-fakture;<\/p>\n<p>7) Datum avansne uplate, ukoliko se radi o e-fakturi za avansno pla\u0107anje;<\/p>\n<p>8) Datum prometa dobara ili pru\u017eanja usluga, ukoliko se ne radi o e-fakturi za avansno pla\u0107anje;<\/p>\n<p>9) Iznos avansnih pla\u0107anja, ukoliko je bilo avansnih pla\u0107anja koja su se odnosila na jednu ili vi\u0161e stavki sa e-fakture.<\/p>\n<p>10) \u0160ifru i\/ili naziv&nbsp;dobara ili usluge za svaku stavku sa e-fakture i koli\u010dinu i jedinicu mere za isporu\u010dena dobra, odnosno obim pru\u017eenih usluga za svaku stavku sa e-fakture;<\/p>\n<p>11) Vrednost za svaku stavku sa e-fakture pojedina\u010dno;<\/p>\n<p>12) Ukupan iznos za pla\u0107anje;<\/p>\n<p>13) Instrukcije za uplatu;<\/p>\n<p>&nbsp;<\/p>\n<p><strong><em>*Napomena: Izdavalac e-fakture mo\u017ee prilo\u017eiti i prate\u0107u elektronsku dokumentaciju koja je od zna\u010daja za bilo koju zainteresovanu stranu, a koja dodatno pru\u017ea uvid u isporuku, izvr\u0161enje usluga ili bilo koji drugi dokaz koji je potreban primaocu ili po\u0161iljaocu.<\/em><\/strong><\/p>\n<h2>\n\t\tZakon o elektronskom fakturisanju &#8211; Tuma\u010denje\n\t<\/h2>\n\t<h4><strong>Ko ima obavezu izdavanja elektronske fakture?<\/strong><\/h4>\n<ol>\n<li>Subjekti privatnog sektora po osnovu me\u0111usobnih transakcija;<\/li>\n<li>Subjekt privatnog sektora po osnovu transakcije sa subjektom javnog sektora;<\/li>\n<li>Subjekt javnog sektora po osnovu transakcije sa subjektom privatnog sektora;<\/li>\n<li>Subjekti javnog sektora po osnovu me\u0111usobnih transakcija;<\/li>\n<li>Poreski punomo\u0107nik stranog lica u Republici Srbiji, u smislu propisa kojima se ure\u0111uje porez na dodatu vrednost, po osnovu transakcija sa subjektima privatnog i javnog sektora.<\/li>\n<\/ol>\n<h4><b>Ko ne podle\u017ee obavezi izdavanja e-fakture?<\/b><\/h4>\n<ol>\n<li>Subjekt koji vr\u0161i promet na malo i\/ili prima avans za promet na malo;<\/li>\n<li>Subjekt koji ima ugovornu obavezu prema korisnicima sredstava iz me\u0111unarodnih sporazuma;<\/li>\n<li>Subjekt koji vr\u0161i nabavku ili remont naoru\u017eanja i vojne opreme, bezbednosno osetljive opreme ili ima vezu sa njima kroz povezane nabavke dobara i usluga.<\/li>\n<\/ol>\n<h4><strong>\u0160ta je sistem elektronskih faktura (SEF)?<\/strong><\/h4>\n<p>Sistem elektronskih faktura je informati\u010dko-tehnolo\u0161ko re\u0161enje kojim upravlja centralni informacioni posrednik i preko koga se vr\u0161i slanje, prijem, evidentiranje, obrada i \u010duvanje elektronskih faktura, kao i evidentiranje obra\u010duna PDV-a. Registraciju na SEF-u vr\u0161i zakonski zastupnik subjekta.<\/p>\n<h4><b>Kada se promet dobara ili usluga vr\u0161i prema stranim licima, da li je potrebno da se e-faktura izdaje prema SEF-u?<\/b><\/h4>\n<p>Zakon o elektronskom fakturisanju u ovom trenutku ne obavezuje izdavanje e-faktura subjektima iz inostranstva.<\/p>\n<h4><strong>Zakonski standard elektronske fakture<\/strong><\/h4>\n<p>Zakon o elektronskom fakturisanju predvideo je 2 standarda eFaktura (<strong>srpski<\/strong> i <strong>evropski<\/strong>), da bi kasnije podzakonskim aktima, izjedna\u010dio ova dva standarda i prihvatio standard <strong>XML UBL 2.1<\/strong>.<\/p>\n<h4><strong>\u0160ta je informacioni posrednik?<\/strong><\/h4>\n<p>Informacioni posrednik je pravno lice koga, posle dobijene saglasnosti ministarstva nadle\u017enog za poslove finansija, subjekt javnog ili privatnog sektora mo\u017ee u skladu sa ugovorom anga\u017eovati za usluge izdavanja, evidentiranja, obrade, slanja i primanja elektronskih faktura i prate\u0107e dokumentacije. Poslovanje informacionog posrednika predvi\u0111eno je \u010dl. 13 Zakona o eFakturisanju, kao i podzakonskim aktima.<\/p>\n<p>Informacioni posrednik je odgovoran za izdavanje, evidentiranje, obradu, slanje, primanje i \u010duvanje elektronskih faktura, kao i prate\u0107e dokumentacije. Informacioni posrednik snosi odgovornost za poslate dokumente polisom osiguranja u vrednosti od <strong>5.000.000 EUR<\/strong>.<\/p>\n<h4><b>Kada je e-faktura dostavljena krajnjem komitentu?<\/b><\/h4>\n<p>E-faktura se smatra dostavljenom onog trenutka kada je izdata putem SEF-a, me\u0111utim status elektronske fakture ne mo\u017eete pratiti putem SEF-a. Informacioni posrednik vam u tome poma\u017ee tako \u0161to obezbe\u0111uje mogu\u0107nost uvida u status fakture (dostavljeno, nije dostavljeno, preuzeto, nije preuzeto). Ukoliko krajnji komitent ne preuzme e-fakturu u roku od 7 radnih dana, informacioni posrednik uspostavlja komunikaciju sa komitentom kako bi izdavaocu e-fakture pru\u017eio informaciju o razlozima za zbog kojih nije preuzeta.<\/p>\n<h4><b>Rok za prihvatanje, osporavanje ili odbijanje elektronske fakture?<\/b><\/h4>\n<p>Krajnji komitent ima pravo da prihvati ili odbije e-fakturu u roku od 15 dana od slanja fakture od strane izdavaoca.<\/p>\n<p>Ako subjekt <strong>javnog sektora<\/strong> ne prihvati ili ne odbije elektronsku fakturu u ovom roku, e-faktura se smatra prihva\u0107enom.<br>Ukoliko subjekt <strong>privatnog sektora<\/strong> ne prihvati ili ne odbije e-fakturu u ovom roku bi\u0107e ponovo obave\u0161ten da je ista izdata. Zatim se otvara dodatni rok od 5 dana i ukoliko ne prihvati ni u dodatnom roku smatra\u0107e se da je faktura odbijena.<\/p>\n<h4><b>Rok za \u010duvanje e-faktura?<\/b><\/h4>\n<p>SEF trajno \u010duva elektronske fakture izdate ili primljene od strane subjekata javnog sektora.<br>Obaveza \u010duvanja e-fakture izdate i primljene od strane subjekta privatnog sektora je 10 godina od isteka godine u kojoj je izdata e-faktura.<\/p>\n<h4><strong>Obavezni rokovi za prelazak na sistem elektronskog fakturisanja<\/strong><\/h4>\n<ol>\n<li>Obaveza subjekta javnog sektora da primi i \u010duva elektronsku fakturu izdatu u skladu sa ovim zakonom, kao i obaveza izdavanja elektronske fakture drugom subjektu javnog sektora, primenjuju se od <strong>1. maja 2022. godine<\/strong>.<\/li>\n<li>Obaveza subjekta javnog sektora da izda elektronsku fakturu subjektu privatnog sektora, u skladu sa ovim zakonom, primenjuje se od <strong>1. jula 2022. godine.<\/strong><\/li>\n<li>Obaveza subjekta privatnog sektora da izda elektronsku fakturu subjektu javnog sektora, u skladu sa ovim zakonom, primenjuje se od <strong>1. maja 2022. godine.<\/strong><\/li>\n<li>Obaveza subjekta privatnog sektora da primi i \u010duva&nbsp;elektronsku fakturu izdatu od strane subjekta javnog sektora, kao i elektronske fakture izdate od strane subjekta privatnog sektora primenjuje se od <strong>1. jula 2022. godine.<\/strong><\/li>\n<li>Odredbe ovog zakona koje se odnose na obavezu izdavanja i \u010duvanja elektronske fakture u transakcijama izme\u0111u subjekata privatnog sektora primenjuju se od <strong>1. januara 2023. godine.<\/strong><\/li>\n<\/ol>\n<h4><strong>Kazne za ne evidentiranje elektronskih faktura&nbsp;<\/strong><\/h4>\n<p>Zakon o elektronskom fakturisanju propisuje kazne za povredu obaveza izdavanja, prijema i \u010duvanja elektronskih faktura kao i za kori\u0161\u0107enje podataka u svrhe koje nisu propisane zakonom. Raspon kazni je od 50.000 do 2.000.000 dinara, a mo\u017ee se kazniti pravno lice &#8211; subjekt privatnog ili javnog sektora, preduzetnik, informacioni posrednik, kao i odgovorna lica u pravnim licima. Kaznene odredbe propisane su u \u010dlanovima 18-21.<\/p>\n\t\t\t\t<img loading=\"lazy\" src=\"https:\/\/www.moj-eracun.rs\/cms\/wp-content\/uploads\/2020\/11\/stari-vs-novi-nac\u030cin.png\" alt=\"Elektronsko fakturisanje\" itemprop=\"image\" title=\"stari-vs-novi-nac\u030cin\" onerror=\"this.style.display='none'\" width=\"2560\" height=\"1185\">\n\t\tTradicionalni na\u010din fakturisanja vs. Elektronsko fakturisanje\n<h2>\n\t\tZa\u0161to eFaktura?\n\t<\/h2>\n\t<p>Uvo\u0111enjem eFakture automatizujete svoje poslovanje, pravite zna\u010dajne poslovne u\u0161tede i \u0161titite \u017eivotnu sredinu izbacivanjem papira iz upotrebe.<\/p>\n<p>Pogledajte kratko video uputstvo i saznajte vi\u0161e o samom postupku slanja:<\/p>\n\t\t\t<a href=\"https:\/\/www.moj-eracun.rs\/rs\/Manual\/UserManual#kreiraj\" target=\"_self\" role=\"button\" rel=\"noopener\">\n\t\t\t\t\t\t\tKako poslati elektronsku fakturu\n\t\t\t<\/a>\n\t\t<h2>Digitalizujte svoje poslovanje<\/h2>\n\t\t<p>Aktivirajte uslugu eRa\u010dun i zapo\u010dnite digitalizaciju svog poslovanja!<\/p>\n\t\t\t<a href=\"https:\/\/www.moj-eracun.rs\/cms\/zatrazite-ponudu\/\" target=\"_self\" role=\"button\" rel=\"noopener\">\n\t\t\t\t\t\t\tZatra\u017eite ponudu\n\t\t\t<\/a>\n<h2>\n\t\tPrednosti eFakture\n\t<\/h2>\n\t<p>Najve\u0107a prednost servisa Moj-eRa\u010dun je izuzetno visoka stopa preuzetih eFaktura koja iznosi \u010dak 99,5% za to je zaslu\u017ena profesionalna korisni\u010dka podr\u0161ka servisa.<\/p>\n\t<p>Svaka eFaktura poslata putem servisa Moj-eRa\u010dun ima status preporu\u010dene po\u0161iljke. Znate ta\u010dno vreme kada je poslata eFaktura preuzeta i kada po\u010dinje te\u0107i valuta pla\u0107anja.<\/p>\n\t<p>Moj-eRa\u010dun usluga je integrisana u vi\u0161e od <strong>150 ra\u010dunovodstvenih programa<\/strong>. Ukoliko ne koristite ra\u010dunovodstveni program, eFakture mo\u017eete slati putem na\u0161e <a href=\"http:\/\/kreiraj.moj-eracun.rs\/\">&#8222;Kreiraj&#8220;<\/a> aplikacije.<\/p>\n\t<p>Putem intuitivnog interfejsa pratite statuse elektronskih faktura (poslata, dostavljena, nedostavljena) i jednostvno ih pretra\u017eujte. Zaglavlje je prilago\u0111eno kako za korisnike sa osnovnim informati\u010dkim znanjem tako i za napredne korisnike.<\/p>\n\t<p>Svaka eFaktura overena je aplikativnim sertifikatom i vremenskim \u017eigom, \u0161to ih \u010dini pravosna\u017enim prema Zakonu o elektronskom dokumentu, elektronskoj identifikaciji i uslugama od poverenja u elektronskom poslovanju i Zakonu o ra\u010dunovodstvu.<\/p>\n\t<p>Primanje eFaktra predstavlja prvi korak prema stvaranju modernog, brzog, i konkuretnog preduze\u0107a. Svaka faktura je dostupna na jedan klik.<\/p>\n\t\t<h2>Proverite ostale eDokumente<\/h2>\n\t\t<p>Pored eRa\u010duna, putem servisa Moj-eRa\u010dun mo\u017eete razmenjivati i druge eDokumente<\/p>\n\t\t\t<a href=\"https:\/\/www.moj-eracun.rs\/cms\/e-dokumenti\/\" target=\"_blank\" role=\"button\" rel=\"noopener\">\n\t\t\t\t\t\tSaznajte vi\u0161e\n\t\t\t\t\t<\/a>\n","protected":false},"excerpt":{"rendered":"<p>Elektronske fakture &#8211; slanje eRa\u010duna (eFaktura) brzo i pouzdano Servis koji vam pru\u017ea mogu\u0107nost slanja eRa\u010duna (elektronskih faktura) putem na\u0161e veb aplikacije ili iz va\u0161eg knjigovodstvenog re\u0161enja. Zatra\u017eite ponudu Po\u0161aljite eRa\u010dun Sadr\u017eaj BESPLATNA video edukacija &#8211; April 2022 \u0160ta je elektronska faktura? Primer elektronske fakture (PDF i XML struktura) Struktuirani oblik vs. Nestruktuirani oblik Obavezni&hellip;<\/p>\n","protected":false},"author":1,"featured_media":0,"parent":0,"menu_order":0,"comment_status":"closed","ping_status":"closed","template":"","meta":[],"_links":{"self":[{"href":"http:\/\/www.moj-eracun.rs\/cms\/wp-json\/wp\/v2\/pages\/36"}],"collection":[{"href":"http:\/\/www.moj-eracun.rs\/cms\/wp-json\/wp\/v2\/pages"}],"about":[{"href":"http:\/\/www.moj-eracun.rs\/cms\/wp-json\/wp\/v2\/types\/page"}],"author":[{"embeddable":true,"href":"http:\/\/www.moj-eracun.rs\/cms\/wp-json\/wp\/v2\/users\/1"}],"replies":[{"embeddable":true,"href":"http:\/\/www.moj-eracun.rs\/cms\/wp-json\/wp\/v2\/comments?post=36"}],"version-history":[{"count":30,"href":"http:\/\/www.moj-eracun.rs\/cms\/wp-json\/wp\/v2\/pages\/36\/revisions"}],"predecessor-version":[{"id":1745,"href":"http:\/\/www.moj-eracun.rs\/cms\/wp-json\/wp\/v2\/pages\/36\/revisions\/1745"}],"wp:attachment":[{"href":"http:\/\/www.moj-eracun.rs\/cms\/wp-json\/wp\/v2\/media?parent=36"}],"curies":[{"name":"wp","href":"https:\/\/api.w.org\/{rel}","templated":true}]}}