{"id":274,"date":"2019-05-13T08:19:17","date_gmt":"2019-05-13T07:19:17","guid":{"rendered":"https:\/\/www.moj-eracun.rs\/cms\/?page_id=274"},"modified":"2022-04-18T19:14:15","modified_gmt":"2022-04-18T18:14:15","slug":"kalkulator-ustede","status":"publish","type":"page","link":"http:\/\/www.moj-eracun.rs\/cms\/kalkulator-ustede\/","title":{"rendered":"Kalkulator u\u0161tede &#8211; jeftinije i ekolo\u0161ki"},"content":{"rendered":"\n<div class=\"wp-block-columns\">\n<div class=\"wp-block-column\">\n<figure class=\"wp-block-image size-full is-resized is-style-default\"><img loading=\"lazy\" src=\"https:\/\/www.moj-eracun.rs\/cms\/wp-content\/uploads\/2022\/04\/zeleni-sertifikat-moj-eracun-logo.png\" alt=\"zeleni-sertifikat\" class=\"wp-image-1615\" width=\"300\" height=\"302\"\/><\/figure>\n\n\n\n<figure class=\"wp-block-image size-full is-resized\"><img loading=\"lazy\" src=\"https:\/\/www.moj-eracun.rs\/cms\/wp-content\/uploads\/2022\/04\/detelina-zeleni-sertifikat-moj-eracun.png\" alt=\"zeleni sertifikat - moj e-ra\u010dun\" class=\"wp-image-1616\" width=\"300\" height=\"300\" srcset=\"http:\/\/www.moj-eracun.rs\/cms\/wp-content\/uploads\/2022\/04\/detelina-zeleni-sertifikat-moj-eracun.png 600w, http:\/\/www.moj-eracun.rs\/cms\/wp-content\/uploads\/2022\/04\/detelina-zeleni-sertifikat-moj-eracun-400x400.png 400w, http:\/\/www.moj-eracun.rs\/cms\/wp-content\/uploads\/2022\/04\/detelina-zeleni-sertifikat-moj-eracun-200x200.png 200w\" sizes=\"(max-width: 300px) 100vw, 300px\" \/><\/figure>\n\n\n\n<figure class=\"wp-block-image size-full is-resized\"><img loading=\"lazy\" src=\"https:\/\/www.moj-eracun.rs\/cms\/wp-content\/uploads\/2022\/04\/co2-neutralni-zeleni-sertifikat-moj-eracun.png\" alt=\"ekolo\u0161ka svet u poslovanju\" class=\"wp-image-1617\" width=\"300\" height=\"300\" srcset=\"http:\/\/www.moj-eracun.rs\/cms\/wp-content\/uploads\/2022\/04\/co2-neutralni-zeleni-sertifikat-moj-eracun.png 600w, http:\/\/www.moj-eracun.rs\/cms\/wp-content\/uploads\/2022\/04\/co2-neutralni-zeleni-sertifikat-moj-eracun-400x400.png 400w, http:\/\/www.moj-eracun.rs\/cms\/wp-content\/uploads\/2022\/04\/co2-neutralni-zeleni-sertifikat-moj-eracun-200x200.png 200w\" sizes=\"(max-width: 300px) 100vw, 300px\" \/><\/figure>\n<\/div>\n\n\n\n<div class=\"wp-block-column\">\n\t<pre style=\"display:none !important;\"><!--noptimize--><script type=\"text\/javascript\">\r\n\t function doValidate_1(form)\r\n\t {\r\n\t\tvar form_identifier =  '_1';\r\n\t\tif(typeof cpcff_validation_rules == 'undefined') cpcff_validation_rules = {};\r\n\t\tif(typeof cpcff_validation_rules[form_identifier] == 'undefined') cpcff_validation_rules[form_identifier] = {};\r\n\t\tvar $dexQuery = (fbuilderjQuery) ? fbuilderjQuery : jQuery.noConflict(),\r\n\t\t\t_form = $dexQuery(\"#cp_calculatedfieldsf_pform\"+form_identifier),\r\n\t\t\tform_disabled = function(){\r\n\t\t\t\treturn ('undefined' != typeof _form.data('being-submitted'));\r\n\t\t\t},\r\n\t\t\tdisabling_form = function(){\r\n\t\t\t\tif(form_disabled()) return;\r\n\t\t\t\t_form.find('.pbSubmit').addClass('submitbtn-disabled');\r\n\t\t\t\t_form.data('being-submitted',1);\r\n\t\t\t\tvar d = document.createElement('div');\r\n\t\t\t\t$dexQuery(d).addClass('cff-processing-form').appendTo(_form.find('#fbuilder'));\r\n\t\t\t},\r\n\t\t\tenabling_form = function(){\r\n\t\t\t\t_form.removeData('being-submitted');\r\n\t\t\t\t_form.find('.submitbtn-disabled').removeClass('submitbtn-disabled');\r\n\t\t\t\t_form.find('.cff-processing-form').remove();\r\n\t\t\t};\r\n\t\tif(form_disabled()) return false;\r\n\t\tvar\tcpefb_error = !_form.validate().checkForm(),\r\n\t\t\tvalidation_rules = cpcff_validation_rules[form_identifier],\r\n\t\t\tprocessing_form = function()\r\n\t\t\t{\r\n\t\t\t\t\t\t\t\tfor(var rule in validation_rules)\r\n\t\t\t\t{\r\n\t\t\t\t\tif(!validation_rules[rule]) return;\r\n\t\t\t\t}\r\n\t\t\t\t_form.find(\"[name$='_date']:disabled\").each(function(){\r\n\t\t\t\t\tvar v  \t = $dexQuery(this).val(),\r\n\t\t\t\t\t\tname = $dexQuery(this).attr( 'name' ).replace('_date', ''),\r\n\t\t\t\t\t\te \t = $dexQuery(\"[name='\"+name+\"']\"); if( e.length ){ e.val( $dexQuery.trim( e.val().replace( v, '' ) ) ); }\r\n\t\t\t\t});\r\n\t\t\t\t_form.find(\"select option\").each(function(){\r\n\t\t\t\t\tif( typeof $dexQuery(this).attr(\"vt\") != 'undefined' )\r\n\t\t\t\t\t\t$dexQuery(this).val($dexQuery(this).attr(\"vt\"));\r\n\t\t\t\t});\r\n\t\t\t\t_form.find(\"input:checkbox,input:radio\").each(function(){\r\n\t\t\t\t\tif( typeof $dexQuery(this).attr(\"vt\") != 'undefined' )\r\n\t\t\t\t\t\t$dexQuery(this).val($dexQuery(this).attr(\"vt\"));\r\n\t\t\t\t});\r\n\t\t\t\t_form.find( '.cpcff-recordset' ).remove();\r\n\t\t\t\t_form.find( '.ignore' ).closest( '.fields' ).remove();\r\n\t\t\t\t_form.find('[id^=\"form_structure_\"]').remove();\r\n\t\t\t\tdisabling_form();\r\n\t\t\t\t_form[ 0 ].submit();\r\n\t\t\t};\r\n\t\t_form.find('[name=\"cp_ref_page\"]').value = document.location.href;\r\n\t\t\/* 1: Do not submit if the equations are being evaluated *\/\r\n\t\tvalidation_rules['no_pending'] = !$dexQuery.fbuilder.calculator.processing_queue && !$dexQuery.fbuilder.calculator.thereIsPending(form_identifier);\r\n\t\tif(!validation_rules['no_pending'])\r\n\t\t{\r\n\t\t\t$dexQuery(document).on('equationsQueueEmpty', function(evt, formId){\r\n\t\t\t\tif(formId == form_identifier)\r\n\t\t\t\t{\r\n\t\t\t\t\t$dexQuery(document).off('equationsQueueEmpty');\r\n\t\t\t\t\tvalidation_rules['no_pending']  = true;\r\n\t\t\t\t\tprocessing_form();\r\n\t\t\t\t}\r\n\t\t\t});\r\n\t\t}\r\n\t\t\/* End :1 *\/\r\n\t\tif (cpefb_error==0)\r\n\t\t{\r\n\t\t  if (_form.find('[id^=\"hdcaptcha_cp_calculated_fields_form_post_\"]').val() == '')\r\n\t\t\t{\r\n\t\t\t\talert('Please enter the captcha verification code.');\r\n\t\t\t\treturn false;\r\n\t\t\t}\r\n\t\t\tdisabling_form();\r\n\t\t\tvalidation_rules['captcha'] = false;\r\n\t\t\t$dexQuery.ajax({\r\n\t\t\t\ttype: \"GET\",\r\n\t\t\t\turl:  \"\/\/www.moj-eracun.rs\/cms\",\r\n\t\t\t\tdata: {\r\n\t\t\t\t\tps: form_identifier,\r\n\t\t\t\t\thdcaptcha_cp_calculated_fields_form_post: _form.find('[id^=\"hdcaptcha_cp_calculated_fields_form_post_\"]').val()\r\n\t\t\t\t},\r\n\t\t\t\tsuccess:function(result){\r\n\t\t\t\t\tenabling_form();\r\n\t\t\t\t\tif (result == \"captchafailed\")\r\n\t\t\t\t\t{\r\n\t\t\t\t\t\t_form.find('[id^=\"captchaimg_\"]').attr('src', _form.find('[id^=\"captchaimg_\"]').attr('src')+'&'+Date());\r\n\t\t\t\t\t\talert('Incorrect captcha code. Please try again.');\r\n\t\t\t\t\t\treturn false;\r\n\t\t\t\t\t}\r\n\t\t\t\t\telse\r\n\t\t\t\t\t{\r\n\t\t\t\t\t\tvalidation_rules['captcha'] = true;\r\n\t\t\t\t\t\tprocessing_form();\r\n\t\t\t\t\t}\r\n\t\t\t\t}\r\n\t\t\t});\r\n\t\t\t\t}\r\n\t\telse\r\n\t\t{\r\n\t\t\tenabling_form();\r\n\t\t}\r\n\t\treturn false;\r\n\t}\r\n\t<\/script><!--\/noptimize--><\/pre>\r\n\t<form name=\"cp_calculatedfieldsf_pform_1\" id=\"cp_calculatedfieldsf_pform_1\" action=\"http:\/\/www.moj-eracun.rs\/cms\/kalkulator-ustede\/\" method=\"post\" enctype=\"multipart\/form-data\" onsubmit=\"return doValidate_1(this);\" class=\"\">\r\n\t\t\t<input type=\"hidden\" name=\"cp_calculatedfieldsf_pform_psequence\" value=\"_1\" \/><input type=\"hidden\" name=\"cp_calculatedfieldsf_pform_process\" value=\"1\" \/><input type=\"hidden\" name=\"cp_calculatedfieldsf_id\" value=\"1\" \/><input type=\"hidden\" name=\"cp_ref_page\" value=\"http:\/\/www.moj-eracun.rs\/cms\" \/><pre style=\"display:none !important;\"><!--noptimize--><script>form_structure_1=[[{\"form_identifier\":\"\",\"name\":\"fieldname5\",\"shortlabel\":\"\",\"index\":0,\"ftype\":\"fSectionBreak\",\"userhelp\":\"\",\"userhelpTooltip\":false,\"tooltipIcon\":false,\"csslayout\":\"\",\"title\":\"\",\"fBuild\":{},\"parent\":\"\"},{\"form_identifier\":\"\",\"name\":\"fieldname2\",\"shortlabel\":\"\",\"index\":1,\"ftype\":\"fnumber\",\"userhelp\":\"\",\"userhelpTooltip\":false,\"tooltipIcon\":false,\"csslayout\":\"\",\"title\":\"Mese\\u010dni broj ra\\u010duna koji \\u0161aljete po\\u0161tom:\",\"predefined\":\"\",\"predefinedClick\":false,\"required\":true,\"readonly\":false,\"size\":\"small\",\"thousandSeparator\":\".\",\"decimalSymbol\":\",\",\"min\":\"\",\"max\":\"\",\"formatDynamically\":false,\"dformat\":\"number\",\"formats\":[\"digits\",\"number\",\"percent\"],\"fBuild\":{},\"parent\":\"\"},{\"form_identifier\":\"\",\"name\":\"fieldname6\",\"shortlabel\":\"\",\"index\":2,\"ftype\":\"fnumber\",\"userhelp\":\"\",\"userhelpTooltip\":false,\"tooltipIcon\":false,\"csslayout\":\"\",\"title\":\"Mese\\u010dni broj ra\\u010duna koji \\u0161aljete preporu\\u010denom po\\u0161tom:\",\"predefined\":\"\",\"predefinedClick\":false,\"required\":true,\"readonly\":false,\"size\":\"small\",\"thousandSeparator\":\"\",\"decimalSymbol\":\".\",\"min\":\"\",\"max\":\"\",\"formatDynamically\":false,\"dformat\":\"digits\",\"formats\":[\"digits\",\"number\",\"percent\"],\"fBuild\":{},\"parent\":\"\"},{\"form_identifier\":\"\",\"name\":\"fieldname7\",\"shortlabel\":\"\",\"index\":3,\"ftype\":\"fSectionBreak\",\"userhelp\":\"\",\"userhelpTooltip\":false,\"tooltipIcon\":false,\"csslayout\":\"\",\"title\":\"Tro\\u0161ak slanja papirnih ra\\u010duna vs. eRa\\u010duna\",\"fBuild\":{},\"parent\":\"\"},{\"dependencies\":[{\"rule\":\"\",\"complex\":false,\"fields\":[\"\"]}],\"form_identifier\":\"\",\"name\":\"fieldname8\",\"shortlabel\":\"\",\"index\":4,\"ftype\":\"fCalculated\",\"userhelp\":\"\",\"userhelpTooltip\":false,\"tooltipIcon\":false,\"csslayout\":\"\",\"title\":\"Mese\\u010dni tro\\u0161ak slanja papirnih ra\\u010duna\",\"predefined\":\"\",\"required\":false,\"size\":\"medium\",\"eq\":\"prec((fieldname2*36)+(fieldname6*82) ,2)\",\"suffix\":\" dinara\",\"prefix\":\"\",\"decimalsymbol\":\",\",\"groupingsymbol\":\".\",\"readonly\":true,\"hidefield\":false,\"toolbar\":\"default|mathematical\",\"fBuild\":{},\"parent\":\"\"},{\"dependencies\":[{\"rule\":\"\",\"complex\":false,\"fields\":[\"\"]}],\"form_identifier\":\"\",\"name\":\"fieldname9\",\"shortlabel\":\"\",\"index\":5,\"ftype\":\"fCalculated\",\"userhelp\":\"\",\"userhelpTooltip\":false,\"tooltipIcon\":false,\"csslayout\":\"\",\"title\":\"Mese\\u010dni tro\\u0161ak slanja eRa\\u010duna\",\"predefined\":\"\",\"required\":false,\"size\":\"medium\",\"eq\":\"prec((fieldname2+fieldname6)*22 ,2)\",\"suffix\":\" dinara\",\"prefix\":\"\",\"decimalsymbol\":\",\",\"groupingsymbol\":\".\",\"readonly\":true,\"hidefield\":false,\"toolbar\":\"default|mathematical\",\"fBuild\":{},\"parent\":\"\"},{\"form_identifier\":\"\",\"name\":\"fieldname10\",\"shortlabel\":\"\",\"index\":6,\"ftype\":\"fSectionBreak\",\"userhelp\":\"\",\"userhelpTooltip\":false,\"tooltipIcon\":false,\"csslayout\":\"\",\"title\":\"Prelaskom na eRa\\u010dun Va\\u0161a u\\u0161teda iznosi\",\"fBuild\":{},\"parent\":\"\"},{\"dependencies\":[{\"rule\":\"\",\"complex\":false,\"fields\":[\"\"]}],\"form_identifier\":\"\",\"name\":\"fieldname11\",\"shortlabel\":\"\",\"index\":7,\"ftype\":\"fCalculated\",\"userhelp\":\"\",\"userhelpTooltip\":false,\"tooltipIcon\":false,\"csslayout\":\"\",\"title\":\"Mese\\u010dna u\\u0161teda\",\"predefined\":\"\",\"required\":false,\"size\":\"medium\",\"eq\":\"prec((fieldname8-fieldname9) ,2)\",\"suffix\":\" dinara\",\"prefix\":\"\",\"decimalsymbol\":\",\",\"groupingsymbol\":\".\",\"readonly\":true,\"hidefield\":false,\"toolbar\":\"default|mathematical\",\"fBuild\":{},\"parent\":\"\"},{\"dependencies\":[{\"rule\":\"\",\"complex\":false,\"fields\":[\"\"]}],\"form_identifier\":\"\",\"name\":\"fieldname12\",\"shortlabel\":\"\",\"index\":8,\"ftype\":\"fCalculated\",\"userhelp\":\"\",\"userhelpTooltip\":false,\"tooltipIcon\":false,\"csslayout\":\"\",\"title\":\"Godi\\u0161nja u\\u0161teda\",\"predefined\":\"\",\"required\":false,\"size\":\"medium\",\"eq\":\"prec((fieldname11*12) ,2)\",\"suffix\":\" dinara\",\"prefix\":\"\",\"decimalsymbol\":\",\",\"groupingsymbol\":\".\",\"readonly\":true,\"hidefield\":false,\"toolbar\":\"default|mathematical\",\"fBuild\":{},\"parent\":\"\"},{\"form_identifier\":\"\",\"name\":\"fieldname15\",\"shortlabel\":\"\",\"index\":9,\"ftype\":\"fhtml\",\"userhelp\":\"\",\"userhelpTooltip\":false,\"tooltipIcon\":false,\"csslayout\":\"\",\"fcontent\":\"\\u003Ch3\\u003EEKO u\\u0161teda\\u003C\\\/h3\\u003E\",\"fBuild\":{},\"parent\":\"\"},{\"dependencies\":[{\"rule\":\"\",\"complex\":false,\"fields\":[\"\"]}],\"form_identifier\":\"\",\"name\":\"fieldname13\",\"shortlabel\":\"\",\"index\":10,\"ftype\":\"fCalculated\",\"userhelp\":\"\",\"userhelpTooltip\":false,\"tooltipIcon\":false,\"csslayout\":\"\",\"title\":\"Broj stabala koje ste spasili na godi\\u0161njem nivou\",\"predefined\":\"\",\"required\":false,\"size\":\"medium\",\"eq\":\"prec((fieldname2+fieldname6)*12\\\/73000,2)\",\"suffix\":\"\",\"prefix\":\"\",\"decimalsymbol\":\",\",\"groupingsymbol\":\".\",\"readonly\":true,\"hidefield\":false,\"fBuild\":{},\"parent\":\"\"},{\"dependencies\":[{\"rule\":\"\",\"complex\":false,\"fields\":[\"\"]}],\"form_identifier\":\"\",\"name\":\"fieldname14\",\"shortlabel\":\"\",\"index\":11,\"ftype\":\"fCalculated\",\"userhelp\":\"\",\"userhelpTooltip\":false,\"tooltipIcon\":false,\"csslayout\":\"\",\"title\":\"Ukupno smanjenje ugljeni\\u010dnog\\\/karbonskog otiska\",\"predefined\":\"\",\"required\":false,\"size\":\"medium\",\"eq\":\"prec(fieldname13*21.6,2)\",\"suffix\":\" kg CO2\",\"prefix\":\"\",\"decimalsymbol\":\".\",\"groupingsymbol\":\"\",\"readonly\":true,\"hidefield\":false,\"fBuild\":{},\"parent\":\"\"}],{\"0\":{\"title\":\"Kalkulator u\\u0161tede\",\"description\":\"Upi\\u0161ite mese\\u010dni broj ra\\u010duna\",\"formlayout\":\"top_aligned\",\"formtemplate\":\"cp_cff_clean\",\"evalequations\":1,\"evalequationsevent\":2,\"autocomplete\":1,\"persistence\":0,\"customstyles\":\"\",\"request_cost\":\"fieldname2\"},\"formid\":\"cp_calculatedfieldsf_pform_1\",\"setCache\":false,\"cache\":false}];<\/script><!--\/noptimize--><\/pre>\r\n\t\t<div id=\"fbuilder\">\r\n\t\t\t<div id=\"fbuilder_1\">\r\n\t\t\t\t<div id=\"formheader_1\"><\/div>\r\n\t\t\t\t<div id=\"fieldlist_1\"><\/div>\r\n\t\t\t<\/div>\r\n\t\t\t<div id=\"cpcaptchalayer_1\" class=\"cpcaptchalayer\" style=\"display:none;\">\r\n\t\t\t            \t\t\t<div class=\"fields\" id=\"field-c0\" style=\"display:none\">\r\n\t\t\t\t<label>Payment options<\/label>\r\n\t\t\t\t<div class=\"dfield\">\r\n\t\t\t\t \t\t\t\t <!--addons-payment-options-->\r\n    \t\t\t \t\t\t\t<\/div>\r\n\t\t\t\t<div class=\"clearer\"><\/div>\r\n\t\t\t<\/div>\r\n\t\t\t<!--addons-payment-fields-->\r\n\t\t\t\t\t\t\t<div class=\"fields\">\r\n\t\t\t\t\t<label>Molimo Vas da unesete sigurnosni kod sa slike<\/label>\r\n\t\t\t\t\t<div class=\"dfield\">\r\n\t\t\t\t\t\t<img src=\"http:\/\/www.moj-eracun.rs\/cms\/?cp_calculatedfieldsf=captcha&amp;ps=_1&amp;inAdmin=1&amp;width=180&amp;height=60&amp;letter_count=5&amp;min_size=25&amp;max_size=35&amp;noise=200&amp;noiselength=4&amp;bcolor=ffffff&amp;border=000000&amp;font=font-1.ttf\"  id=\"captchaimg_1\" alt=\"security code\" border=\"0\" title=\"If you cannot understand the captcha code, press the image\" width=\"180\" height=\"60\" \/>\r\n\t\t\t\t\t<\/div>\r\n\t\t\t\t\t<div class=\"clearer\"><\/div>\r\n\t\t\t\t<\/div>\r\n\t\t\t\t<div class=\"fields\">\r\n\t\t\t\t\t<label>Sigurnosni kod (malim slovima)<\/label>\r\n\t\t\t\t\t<div class=\"dfield\">\r\n\t\t\t\t\t\t<input type=\"text\" size=\"20\" name=\"hdcaptcha_cp_calculated_fields_form_post\" id=\"hdcaptcha_cp_calculated_fields_form_post_1\" value=\"\" \/>\r\n\t\t\t\t\t\t<div class=\"error message\" id=\"hdcaptcha_error_1\" style=\"display:none;\"><\/div>\r\n\t\t\t\t\t<\/div>\r\n\t\t\t\t\t<div class=\"clearer\"><\/div>\r\n\t\t\t\t<\/div>\r\n\t\t\t\t\t\t<!--add-ons-->\r\n\t\t\t<\/div>\r\n\t\t\t\t\t\t<div id=\"cp_subbtn_1\" class=\"cp_subbtn\" style=\"display:none;\">Po\u0161alji<\/div>\r\n\t\t\t\t\t\t<div class=\"clearer\"><\/div>\r\n\t\t<\/div>\r\n\t    <\/form>\r\n\n<\/div>\n<\/div>\n\n\n\n<p> * Cena ra\u010duna poslatog obi\u010dnom po\u0161tom \u2013 23 rsd (po\u0161ta) + 5 rsd (tro\u0161ak papira, tonera, koverte) + 8 rsd (cena radnog vremena)  <\/p>\n\n\n\n<p> * Cena ra\u010duna poslatog preporu\u010denom po\u0161tom \u2013 69 rsd (po\u0161ta) + 5 rsd (tro\u0161ak papira, tonera, koverte) +&nbsp;8 rsd (cena radnog vremena)<\/p>\n\n\n\n<p> *  Prose\u010dna cena eRa\u010duna \u2013 22rsd  <\/p>\n","protected":false},"excerpt":{"rendered":"<p>* Cena ra\u010duna poslatog obi\u010dnom po\u0161tom \u2013 23 rsd (po\u0161ta) + 5 rsd (tro\u0161ak papira, tonera, koverte) + 8 rsd (cena radnog vremena) * Cena ra\u010duna poslatog preporu\u010denom po\u0161tom \u2013 69 rsd (po\u0161ta) + 5 rsd (tro\u0161ak papira, tonera, koverte) +&nbsp;8 rsd (cena radnog vremena) * Prose\u010dna cena eRa\u010duna \u2013 22rsd<\/p>\n","protected":false},"author":1,"featured_media":1615,"parent":0,"menu_order":0,"comment_status":"closed","ping_status":"closed","template":"","meta":[],"_links":{"self":[{"href":"http:\/\/www.moj-eracun.rs\/cms\/wp-json\/wp\/v2\/pages\/274"}],"collection":[{"href":"http:\/\/www.moj-eracun.rs\/cms\/wp-json\/wp\/v2\/pages"}],"about":[{"href":"http:\/\/www.moj-eracun.rs\/cms\/wp-json\/wp\/v2\/types\/page"}],"author":[{"embeddable":true,"href":"http:\/\/www.moj-eracun.rs\/cms\/wp-json\/wp\/v2\/users\/1"}],"replies":[{"embeddable":true,"href":"http:\/\/www.moj-eracun.rs\/cms\/wp-json\/wp\/v2\/comments?post=274"}],"version-history":[{"count":3,"href":"http:\/\/www.moj-eracun.rs\/cms\/wp-json\/wp\/v2\/pages\/274\/revisions"}],"predecessor-version":[{"id":1619,"href":"http:\/\/www.moj-eracun.rs\/cms\/wp-json\/wp\/v2\/pages\/274\/revisions\/1619"}],"wp:featuredmedia":[{"embeddable":true,"href":"http:\/\/www.moj-eracun.rs\/cms\/wp-json\/wp\/v2\/media\/1615"}],"wp:attachment":[{"href":"http:\/\/www.moj-eracun.rs\/cms\/wp-json\/wp\/v2\/media?parent=274"}],"curies":[{"name":"wp","href":"https:\/\/api.w.org\/{rel}","templated":true}]}}