{"id":253,"date":"2019-04-12T09:11:26","date_gmt":"2019-04-12T08:11:26","guid":{"rendered":"https:\/\/www.moj-eracun.rs\/cms\/?page_id=253"},"modified":"2022-02-25T15:48:02","modified_gmt":"2022-02-25T14:48:02","slug":"o-nama","status":"publish","type":"page","link":"http:\/\/www.moj-eracun.rs\/cms\/o-nama\/","title":{"rendered":"O NAMA"},"content":{"rendered":"\n<h1>\n\t\tO nama\n\t<\/h1>\n\t<p>Servis Moj-eRa\u010dun<\/p>\n<p>Va\u0161 partner za kompletnu digitalizaciju poslovanja<\/p>\n+381 11 435 0 555<br \/>\n<a href=\"mailto:docloop.office@moj-eracun.rs\">docloop.office@moj-eracun.rs<\/a>\n\t<iframe src=\"https:\/\/www.google.com\/maps\/embed?pb=!1m18!1m12!1m3!1d2831.151576524961!2d20.420513915535228!3d44.79809947909875!2m3!1f0!2f0!3f0!3m2!1i1024!2i768!4f13.1!3m3!1m2!1s0x475a6fa3390786b7%3A0x498d131f7f440fb!2sDocloop%20d.o.o.%20-%20Moj%20eRa%C4%8Dun!5e0!3m2!1ssr!2shr!4v1622458660797!5m2!1ssr!2shr\" width=\"600\" height=\"450\" allowfullscreen=\"\" loading=\"lazy\"><\/iframe>\n<h2>\n\t\tGde smo mi\n\t<\/h2>\n\t<p><strong>Kancelarija<\/strong><\/p>\nDOCLOOP d.o.o.<br \/>\nBe\u017eanijski zimovnik 1a<br \/>\n11070 Novi Beograd\n<p><strong>Osnovni podaci:<\/strong><\/p>\nPIB: 110712050<br \/>\nDirektor: Nenad Soluji\u0107<br \/>\n\u0160ifra delatnosti: 6202 &#8211; Konsultantske delatnosti u oblasti informacione tehnologije<br \/>\nRegistracija: Preduze\u0107e registrovano 18.04.2018. u Agenciji za Privredne Registre<br \/>\nMati\u010dni broj: 21378437\n\t\t\t<a href=\"https:\/\/goo.gl\/maps\/552TVKJfXmVxA1gy8\" target=\"_blank\" role=\"button\" rel=\"noopener\">\n\t\t\t\t\t\t\tGoogle Map uputstva\n\t\t\t<\/a>\n<h2>\n\t\t\u017delite da mi kontaktiramo Vas?\n\t<\/h2>\n\t<p>Popunite formu i prema svojim preferencijama dogovorite sastanak ili poziv na\u0161eg stru\u010dnog agenta.<\/p>\n\t\t\t<a href=\"https:\/\/www.moj-eracun.rs\/cms\/zakazite-sastanak\/\" target=\"_blank\" role=\"button\" rel=\"noopener\">\n\t\t\t\t\t\t\tZaka\u017eite sastanak\n\t\t\t<\/a>\n\t\t\t<a href=\"https:\/\/www.moj-eracun.rs\/cms\/zakazite-sastanak\/\" target=\"_blank\" role=\"button\" rel=\"noopener\">\n\t\t\t\t\t\t\tNaru\u010dite poziv\n\t\t\t<\/a>\n\n","protected":false},"excerpt":{"rendered":"<p>O nama Servis Moj-eRa\u010dun Va\u0161 partner za kompletnu digitalizaciju poslovanja +381 11 435 0 555 docloop.office@moj-eracun.rs Gde smo mi Kancelarija DOCLOOP d.o.o. Be\u017eanijski zimovnik 1a 11070 Novi Beograd Osnovni podaci: PIB: 110712050 Direktor: Nenad Soluji\u0107 \u0160ifra delatnosti: 6202 &#8211; Konsultantske delatnosti u oblasti informacione tehnologije Registracija: Preduze\u0107e registrovano 18.04.2018. u Agenciji za Privredne Registre Mati\u010dni&hellip;<\/p>\n","protected":false},"author":1,"featured_media":0,"parent":0,"menu_order":0,"comment_status":"closed","ping_status":"closed","template":"","meta":[],"_links":{"self":[{"href":"http:\/\/www.moj-eracun.rs\/cms\/wp-json\/wp\/v2\/pages\/253"}],"collection":[{"href":"http:\/\/www.moj-eracun.rs\/cms\/wp-json\/wp\/v2\/pages"}],"about":[{"href":"http:\/\/www.moj-eracun.rs\/cms\/wp-json\/wp\/v2\/types\/page"}],"author":[{"embeddable":true,"href":"http:\/\/www.moj-eracun.rs\/cms\/wp-json\/wp\/v2\/users\/1"}],"replies":[{"embeddable":true,"href":"http:\/\/www.moj-eracun.rs\/cms\/wp-json\/wp\/v2\/comments?post=253"}],"version-history":[{"count":4,"href":"http:\/\/www.moj-eracun.rs\/cms\/wp-json\/wp\/v2\/pages\/253\/revisions"}],"predecessor-version":[{"id":1422,"href":"http:\/\/www.moj-eracun.rs\/cms\/wp-json\/wp\/v2\/pages\/253\/revisions\/1422"}],"wp:attachment":[{"href":"http:\/\/www.moj-eracun.rs\/cms\/wp-json\/wp\/v2\/media?parent=253"}],"curies":[{"name":"wp","href":"https:\/\/api.w.org\/{rel}","templated":true}]}}