{"id":2,"date":"2018-05-25T12:02:33","date_gmt":"2018-05-25T11:02:33","guid":{"rendered":"http:\/\/www.moj-eracun.rs\/?page_id=2"},"modified":"2024-01-05T11:38:44","modified_gmt":"2024-01-05T10:38:44","slug":"naslovna","status":"publish","type":"page","link":"http:\/\/www.moj-eracun.rs\/cms\/","title":{"rendered":"Servis za slanje eFaktura (eRa\u010duna)"},"content":{"rendered":"\n<h1>\n\t\tDobro do\u0161li na servis Moj-eRa\u010dun\n\t<\/h1>\n\t<p>Portal za slanje i arhiviranje elektronskih faktura, i upravljanje drugim elektronskim dokumentima.<\/p>\n\t\t\t<a href=\"https:\/\/www.moj-eracun.rs\/rs\/home\/login\" target=\"_self\" role=\"button\" rel=\"noopener\">\n\t\t\t\t\t\t\tPrijava na servis\n\t\t\t<\/a>\n\t<p>SEKTOR PRODAJE:<\/p>\n<p><a href=\"tel:0114350565\">011 43 50 565<\/a><\/p>\n<p><a href=\"mailto:prodaja@moj-eracun.rs\">prodaja@moj-eracun.rs<\/a><\/p>\n\t<p>SEKTOR TEHNI\u010cKE PODR\u0160KE:<\/p>\n<p><a href=\"tel:0114350566\">011 43 50 566<\/a><\/p>\n<p><a href=\"whatsapp:\/\/send?phone=381600995327\" target=\"_blank\"><img loading=\"lazy\" src=\"https:\/\/www.moj-eracun.rs\/cms\/wp-content\/uploads\/2022\/05\/whatsapp-icon-moj-e-racun.png\" alt=\"tehni\u010dka podr\u0161ka moj-era\u010dun whatsapp biznis nalog\" width=\"45\" height=\"45\" \/><\/a><a href=\"whatsapp:\/\/send?phone=381600995327\" target=\"_blank\">060 09 95 327 (samo poruke)<\/a><\/p>\n<p><a href=\"https:\/\/www.moj-eracun.rs\/cms\/tehnicka-podrska\/\">Ukoliko su svi agenti zauzeti, molimo Vas da popunite formu na stranici tehni\u010dke podr\u0161ke<\/a><\/p>\n<p><a href=\"mailto:techsupport.rs@moj-eracun.rs\">techsupport.rs@moj-eracun.rs<\/a><\/p>\n<h2>\n\t\t\u017delite da mi kontaktiramo Vas?\n\t<\/h2>\n\t<p>Popunite formu i prema svojim preferencijama dogovorite sastanak ili poziv na\u0161eg stru\u010dnog agenta.<\/p>\n\t\t\t<a href=\"https:\/\/www.moj-eracun.rs\/cms\/zakazite-sastanak\/\" target=\"_blank\" role=\"button\" rel=\"noopener\">\n\t\t\t\t\t\t\tZaka\u017eite sastanak\n\t\t\t<\/a>\n\t\t\t<a href=\"https:\/\/www.moj-eracun.rs\/cms\/zakazite-sastanak\/\" target=\"_blank\" role=\"button\" rel=\"noopener\">\n\t\t\t\t\t\t\tNaru\u010dite poziv\n\t\t\t<\/a>\n\t<h2>Zapo\u010dnite slanje elektronskih faktura putem servisa <a href=\"https:\/\/www.moj-eracun.rs\/cms\/e-racun\/\">Moj-eRa\u010dun<\/a>.<\/h2>\n\t\t\t<a href=\"https:\/\/www.moj-eracun.rs\/cms\/zatrazite-ponudu\/\" target=\"_self\" role=\"button\" rel=\"noopener\">\n\t\t\t\t\t\t\tZatra\u017eite ponudu\n\t\t\t<\/a>\n\t\t\t<a href=\"https:\/\/www.moj-eracun.rs\/cms\/kalkulator-ustede\/\" target=\"_self\" role=\"button\" rel=\"noopener\">\n\t\t\t\t\t\t\tEko kalkulator u\u0161tede\n\t\t\t<\/a>\n<h2>\n\t\tOd izdavanja do arhiviranja elektronskih ra\u010duna\n\t<\/h2>\n\t\t\t\t<img loading=\"lazy\" src=\"https:\/\/www.moj-eracun.rs\/cms\/wp-content\/uploads\/2022\/04\/moj-eracun-elektronske-fakture.jpg\" alt=\"slanje e-faktura\" itemprop=\"image\" height=\"300\" width=\"300\" title=\"moj-eracun-elektronske-fakture\" onerror=\"this.style.display='none'\"  \/>\n\t<h4><strong>Moj-eRa\u010dun<\/strong><\/h4>\n<p>Usluga razmene elektronskih faktura i drugih eDokumenata<\/p>\n<p><a href=\"https:\/\/www.moj-eracun.rs\/cms\/e-racun\/\">Saznajte vi\u0161e<\/a><\/p>\n\t\t\t\t<img loading=\"lazy\" src=\"https:\/\/www.moj-eracun.rs\/cms\/wp-content\/uploads\/2022\/04\/moj-e-arhiv.jpg\" alt=\"sistem za \u010duvanje i skladi\u0161tenje svih poslovnih el. dokumenata\" itemprop=\"image\" height=\"300\" width=\"300\" title=\"moj-e-arhiv\" onerror=\"this.style.display='none'\"  \/>\n\t<h4><strong>Moj-eArhiv<\/strong><\/h4>\n<p>Usluga arhiviranja eDokumenata<\/p>\n<p><a href=\"https:\/\/www.moj-eracun.rs\/cms\/moj-earhiv\/\">Saznajte vi\u0161e<\/a><\/p>\n\t\t\t\t<img loading=\"lazy\" src=\"https:\/\/www.moj-eracun.rs\/cms\/wp-content\/uploads\/2022\/04\/moj-dms.jpg\" alt=\"sistem za upravljanje i tok poslovnih dokumenata\" itemprop=\"image\" height=\"300\" width=\"300\" title=\"moj-dms\" onerror=\"this.style.display='none'\"  \/>\n\t<h4><strong>Moj-DMS<\/strong><\/h4>\n<p>Usluga upravljanja eDokumentima<\/p>\n<p><a href=\"https:\/\/www.moj-eracun.rs\/cms\/moj-dms\/\">Saznajte vi\u0161e<\/a><\/p>\n<h2>\n\t\tPreporu\u010dujemo\n\t<\/h2>\n\t<meta itemscope itemprop=\"mainEntityOfPage\" itemtype=\"https:\/\/schema.org\/WebPage\" itemid=\"https:\/\/www.moj-eracun.rs\/cms\/2022\/02\/22\/saljite-elektronske-fakture-i-sa-planine\/\" content=\"\u0160aljite elektronske fakture i sa planine!\" \/><meta itemprop=\"datePublished\" content=\"2022-02-22\" \/><meta itemprop=\"dateModified\" content=\"2022-02-22\" \/><meta itemprop=\"name\" content=\"Moj-eRa\u010dun\"\/><meta itemprop=\"url\" content=\"http:\/\/wp.moj-eracun.rs\/wp-content\/uploads\/2020\/10\/er-logo-web-3.svg\"\/><meta itemprop=\"url\" content=\"https:\/\/www.moj-eracun.rs\/cms\/author\/admin-rs\/\" \/><meta itemprop=\"name\" content=\"Iva Emer\" \/><meta itemprop=\"url\" content=\"https:\/\/www.moj-eracun.rs\/cms\/wp-content\/uploads\/2022\/02\/saljite-e-fakture-sa-planine-2-1.jpg\" \/><meta itemprop=\"width\" content=\"1000\" \/><meta itemprop=\"height\" content=\"666\" \/><meta itemprop=\"interactionType\" content=\"https:\/\/schema.org\/CommentAction\" \/><meta itemprop=\"userInteractionCount\" content=\"0\" \/>\n\t\t\t\t\t<a href=\"https:\/\/www.moj-eracun.rs\/cms\/2022\/02\/22\/saljite-elektronske-fakture-i-sa-planine\/\" title=\"\u0160aljite elektronske fakture i sa planine!\"><\/a>\n\t\t\t<h3 itemprop=\"headline\">\n\t\t\t\t\t\t\t\t\t\t\u0160aljite elektronske fakture i sa planine!\t\t\t\t\t\t\t<\/h3>\n\t\t\t22 februara, 2022\t\t\t\t\t\n\t\t\t\t<img loading=\"lazy\" src=\"https:\/\/www.moj-eracun.rs\/cms\/wp-content\/uploads\/2022\/02\/saljite-e-fakture-sa-planine-2-1.jpg\" alt=\"saljite-e-fakture-sa-planine-2-1\" itemprop=\"image\" data-no-lazy=\"1\" height=\"666\" width=\"1000\" title=\"saljite-e-fakture-sa-planine-2-1\" onerror=\"this.style.display='none'\"  \/>\n\t<meta itemscope itemprop=\"mainEntityOfPage\" itemtype=\"https:\/\/schema.org\/WebPage\" itemid=\"https:\/\/www.moj-eracun.rs\/cms\/2022\/01\/05\/elektronske-fakture-ocekivanja-vs-realnost\/\" content=\"Elektronske fakture: o\u010dekivanja vs. realnost\" \/><meta itemprop=\"datePublished\" content=\"2022-01-05\" \/><meta itemprop=\"dateModified\" content=\"2022-04-06\" \/><meta itemprop=\"name\" content=\"Moj-eRa\u010dun\"\/><meta itemprop=\"url\" content=\"http:\/\/wp.moj-eracun.rs\/wp-content\/uploads\/2020\/10\/er-logo-web-3.svg\"\/><meta itemprop=\"url\" content=\"https:\/\/www.moj-eracun.rs\/cms\/author\/djordje-all\/\" \/><meta itemprop=\"name\" content=\"\u0110or\u0111e Cvijovi\u0107\" \/><meta itemprop=\"url\" content=\"https:\/\/www.moj-eracun.rs\/cms\/wp-content\/uploads\/2022\/01\/elektronsko_fakturisanje_moj_eracun.jpg\" \/><meta itemprop=\"width\" content=\"1000\" \/><meta itemprop=\"height\" content=\"667\" \/><meta itemprop=\"interactionType\" content=\"https:\/\/schema.org\/CommentAction\" \/><meta itemprop=\"userInteractionCount\" content=\"0\" \/>\n\t\t\t\t\t<a href=\"https:\/\/www.moj-eracun.rs\/cms\/2022\/01\/05\/elektronske-fakture-ocekivanja-vs-realnost\/\" title=\"Elektronske fakture: o\u010dekivanja vs. realnost\"><\/a>\n\t\t\t<h3 itemprop=\"headline\">\n\t\t\t\t\t\t\t\t\t\tElektronske fakture: o\u010dekivanja vs. realnost\t\t\t\t\t\t\t<\/h3>\n\t\t\t5 januara, 2022\t\t\t\t\t\n\t\t\t\t<img loading=\"lazy\" src=\"https:\/\/www.moj-eracun.rs\/cms\/wp-content\/uploads\/2022\/01\/elektronsko_fakturisanje_moj_eracun.jpg\" alt=\"Elektronsko fakturisanje servis moj-era\u010dun\" itemprop=\"image\" data-no-lazy=\"1\" height=\"667\" width=\"1000\" title=\"elektronsko-fakturisanje-moj-e-ra\u010dun\" onerror=\"this.style.display='none'\"  \/>\n\t<meta itemscope itemprop=\"mainEntityOfPage\" itemtype=\"https:\/\/schema.org\/WebPage\" itemid=\"https:\/\/www.moj-eracun.rs\/cms\/2021\/12\/23\/da-li-je-faktura-generisana-u-pdf-u-i-poslata-mejlom-elektronska-faktura\/\" content=\"Elektronska faktura nije (samo) PDF i JPEG fajl\" \/><meta itemprop=\"datePublished\" content=\"2021-12-23\" \/><meta itemprop=\"dateModified\" content=\"2022-03-25\" \/><meta itemprop=\"name\" content=\"Moj-eRa\u010dun\"\/><meta itemprop=\"url\" content=\"http:\/\/wp.moj-eracun.rs\/wp-content\/uploads\/2020\/10\/er-logo-web-3.svg\"\/><meta itemprop=\"url\" content=\"https:\/\/www.moj-eracun.rs\/cms\/author\/djordje-all\/\" \/><meta itemprop=\"name\" content=\"\u0110or\u0111e Cvijovi\u0107\" \/><meta itemprop=\"url\" content=\"https:\/\/www.moj-eracun.rs\/cms\/wp-content\/uploads\/2021\/12\/elektronska_faktura_u_pdfu.jpg\" \/><meta itemprop=\"width\" content=\"1000\" \/><meta itemprop=\"height\" content=\"667\" \/><meta itemprop=\"interactionType\" content=\"https:\/\/schema.org\/CommentAction\" \/><meta itemprop=\"userInteractionCount\" content=\"0\" \/>\n\t\t\t\t\t<a href=\"https:\/\/www.moj-eracun.rs\/cms\/2021\/12\/23\/da-li-je-faktura-generisana-u-pdf-u-i-poslata-mejlom-elektronska-faktura\/\" title=\"Elektronska faktura nije (samo) PDF i JPEG fajl\"><\/a>\n\t\t\t<h3 itemprop=\"headline\">\n\t\t\t\t\t\t\t\t\t\tElektronska faktura nije (samo) PDF i JPEG fajl\t\t\t\t\t\t\t<\/h3>\n\t\t\t23 decembra, 2021\t\t\t\t\t\n\t\t\t\t<img loading=\"lazy\" src=\"https:\/\/www.moj-eracun.rs\/cms\/wp-content\/uploads\/2021\/12\/elektronska_faktura_u_pdfu.jpg\" alt=\"Elektronska faktura nije isto \u0161to i obi\u010dan PDF dokument\" itemprop=\"image\" data-no-lazy=\"1\" height=\"667\" width=\"1000\" title=\"elektronska-faktura-nije-isto-\u0161to-i-obi\u010dan-PDF-dokument\" onerror=\"this.style.display='none'\"  \/>\n\t\t<!-- .pp-content-posts -->\n<h2>\n\t\tERSTE bank &#038; Moj-eRa\u010dun\n\t<\/h2>\n\t<p>Erste banka u saradnji sa Servisom Moj-eRa\u010dun Vam omogu\u0107ava da \u0161aljete, preuzimate i arhivirate eRa\u010dune i eDokumenata. Za posebne uslove kontaktirajte nas direktno.<\/p>\n\t\t\t<a href=\"https:\/\/www.moj-eracun.rs\/cms\/erste-moj-eracun\/\" target=\"_blank\" role=\"button\" rel=\"noopener\">\n\t\t\t\t\t\t\tZatra\u017eite ponudu\n\t\t\t<\/a>\n<h2>\n\t\tIskustva korisnika\n\t<\/h2>\n\t\t\t<h4><em>&#8222;Pohvala za temljeno, edukativno i prijatno predavanje. Ocena 10 jer ste ODLI\u010cNI!&#8220;<\/em><\/h4>\n<p>Helios Srbija AD<\/p>\n\t\t\t<h4><em>&#8222;Odli\u010dni predava\u010di. Nastavite sa edukacijama jer je privreda pogre\u0161no razumela eRa\u010dun.&#8220;<\/em><\/h4>\n<p>B.P.M. Export Import doo<\/p>\n\t\t\t<h4><em>&#8222;Predavanje je bilo odli\u010dno i razumljivo! Hvala Vam.&#8220;<\/em><\/h4>\n<p>PSSS \u010ca\u010dak doo<\/p>\n\t\t\t<h4><em>&#8222;Odli\u010dno predvanje. Sve pohvale za oba predava\u010da. Divna Vam je poslovna ideja, odnosno FANTASTI\u010cNA.&#8220;<\/em><\/h4>\n<p>UTP Morava doo<\/p>\n\t\t\t<h4><em>&#8222;Predava\u010di su jako predani svom pozivu i spremni da isprate sve na\u0161e zahteve i pitanja.&#8220;<\/em><\/h4>\n<p>EPOKSAN DOO \u010cA\u010cAK<\/p>\n\t\t\t<h4><em>&#8222;Predivni predava\u010di!&#8220;<\/em><\/h4>\n<p>Gradska uprava<\/p>\n\t\t\t<h4><em>&#8222;Zahvaljujemo na Va\u0161em veoma jasnom i preciznom izlaganju.&#8220;<\/em><\/h4>\n<p>Tabex doo Sremska Mitrovica<\/p>\n\t\t\t\t<img src=\"https:\/\/www.moj-eracun.rs\/cms\/wp-content\/plugins\/bb-plugin\/img\/pixel.png\" alt=\"\" itemprop=\"image\" onerror=\"this.style.display='none'\"  \/>\n<h2>\n\t\tO servisu Moj-eRa\u010dun\n\t<\/h2>\n\t<p>Servis Moj-eRa\u010dun je najve\u0107a mre\u017ea u centralnoj i jugoisto\u010dnoj Evropi za razmenu elektronskih ra\u010duna i ostalih eDokumenata izme\u0111u dobavlja\u010da i kupaca. Korisnicima pru\u017eamo zaokru\u017eeni proces od izdavanja, preuzimanja do protoka eDokumenata (Moj-DMS) i skladi\u0161tenja eDokumenata u Moj-eArhiv.<\/p>\n\t\t\t<a href=\"mailto:podrska@moj-eracun.rs\" target=\"_blank\" role=\"button\" rel=\"noopener\">\n\t\t\t\t\t\t\tKontaktirajte nas\n\t\t\t<\/a>\n<h2>\n\t\tNa\u0161i partneri\n\t<\/h2>\n                    <a href=\"https:\/\/www.azelija.rs\/\" target=\"_self\" rel=\"noopener\">\n\t\t\t\t\t\t\t<img src=\"https:\/\/www.moj-eracun.rs\/cms\/wp-content\/uploads\/2022\/04\/azelija-logo.png\" alt=\"azelija it consulting servisi logo\" data-no-lazy=\"1\" \/>\n                            <\/a>\n                    <a href=\"https:\/\/kikel.rs\/\" target=\"_self\" rel=\"noopener\">\n\t\t\t\t\t\t\t<img src=\"https:\/\/www.moj-eracun.rs\/cms\/wp-content\/uploads\/2022\/04\/kik.png\" alt=\"KIKelektronik logo\" data-no-lazy=\"1\" \/>\n                            <\/a>\n                    <a href=\"https:\/\/www.logik.rs\/\" target=\"_self\" rel=\"noopener\">\n\t\t\t\t\t\t\t<img src=\"https:\/\/www.moj-eracun.rs\/cms\/wp-content\/uploads\/2022\/04\/logiklogo.png\" alt=\"LOGIC logo\" data-no-lazy=\"1\" \/>\n                            <\/a>\n                    <a href=\"https:\/\/www.knjigovodstveneusluge.rs\/\" target=\"_self\" rel=\"noopener\">\n\t\t\t\t\t\t\t<img src=\"https:\/\/www.moj-eracun.rs\/cms\/wp-content\/uploads\/2022\/04\/svm-logo.png\" alt=\"SVM ujedinjena poslovna re\u0161enja logo\" data-no-lazy=\"1\" \/>\n                            <\/a>\n                    <a href=\"https:\/\/www.snt.rs\/\" target=\"_self\" rel=\"noopener\">\n\t\t\t\t\t\t\t<img src=\"https:\/\/www.moj-eracun.rs\/cms\/wp-content\/uploads\/2022\/04\/snt_logo_110px.png\" alt=\"S&#038;T logo\" data-no-lazy=\"1\" \/>\n                            <\/a>\n                    <a href=\"https:\/\/sis.rs\/\" target=\"_self\" rel=\"noopener\">\n\t\t\t\t\t\t\t<img src=\"https:\/\/www.moj-eracun.rs\/cms\/wp-content\/uploads\/2022\/04\/sis.png\" alt=\"Sis logo\" data-no-lazy=\"1\" \/>\n                            <\/a>\n                    <a href=\"https:\/\/www.saop.rs\/\" target=\"_self\" rel=\"noopener\">\n\t\t\t\t\t\t\t<img src=\"https:\/\/www.moj-eracun.rs\/cms\/wp-content\/uploads\/2022\/04\/saop.png\" alt=\"Saop logo\" data-no-lazy=\"1\" \/>\n                            <\/a>\n                    <a href=\"https:\/\/www.psit.rs\/\" target=\"_self\" rel=\"noopener\">\n\t\t\t\t\t\t\t<img src=\"https:\/\/www.moj-eracun.rs\/cms\/wp-content\/uploads\/2022\/04\/PSIT-logo.png\" alt=\"PSIT logo\" data-no-lazy=\"1\" \/>\n                            <\/a>\n                    <a href=\"https:\/\/www.petrolsofting.com\/\" target=\"_self\" rel=\"noopener\">\n\t\t\t\t\t\t\t<img src=\"https:\/\/www.moj-eracun.rs\/cms\/wp-content\/uploads\/2022\/04\/petrosoftinglogo.png\" alt=\"Petrolsofting logo\" data-no-lazy=\"1\" \/>\n                            <\/a>\n                    <a href=\"https:\/\/oneclick.rs\/\" target=\"_self\" rel=\"noopener\">\n\t\t\t\t\t\t\t<img src=\"https:\/\/www.moj-eracun.rs\/cms\/wp-content\/uploads\/2022\/04\/one-click-logo.png\" alt=\"Oneclick solutions logo\" data-no-lazy=\"1\" \/>\n                            <\/a>\n                    <a href=\"https:\/\/www.datalab.rs\/\" target=\"_self\" rel=\"noopener\">\n\t\t\t\t\t\t\t<img src=\"https:\/\/www.moj-eracun.rs\/cms\/wp-content\/uploads\/2022\/04\/pantheon_logo-1.png\" alt=\"Pantheon datalab logo\" data-no-lazy=\"1\" \/>\n                            <\/a>\n                    <a href=\"https:\/\/www.misystemsgroup.com\/\" target=\"_self\" rel=\"noopener\">\n\t\t\t\t\t\t\t<img src=\"http:\/\/wp.moj-eracun.rs\/wp-content\/uploads\/2022\/12\/MI-logo-1-200x200.png\" alt=\"http:\/\/wp.moj-eracun.rs\/wp-content\/uploads\/2022\/12\/MI-logo-1-200x200.png\" data-no-lazy=\"1\" \/>\n                            <\/a>\n                    <a href=\"http:\/\/www.mihajlovicsoft.rs\/\" target=\"_self\" rel=\"noopener\">\n\t\t\t\t\t\t\t<img src=\"https:\/\/www.moj-eracun.rs\/cms\/wp-content\/uploads\/2021\/08\/Mihajlovic-soft.png\" alt=\"Mihajlovic-soft logo\" data-no-lazy=\"1\" \/>\n                            <\/a>\n                    <a href=\"http:\/\/www.inform.co.rs\/\" target=\"_self\" rel=\"noopener\">\n\t\t\t\t\t\t\t<img src=\"https:\/\/www.moj-eracun.rs\/cms\/wp-content\/uploads\/2022\/01\/inform-m.png\" alt=\"Inform logo\" data-no-lazy=\"1\" \/>\n                            <\/a>\n                    <a href=\"https:\/\/www.ccfs.rs\/sr.html\" target=\"_self\" rel=\"noopener\">\n\t\t\t\t\t\t\t<img src=\"https:\/\/www.moj-eracun.rs\/cms\/wp-content\/uploads\/2022\/05\/cci-france-serbie.png\" alt=\"cci france serbie logo\" data-no-lazy=\"1\" \/>\n                            <\/a>\n                    <a href=\"https:\/\/yuteam.co.rs\/\" target=\"_self\" rel=\"noopener\">\n\t\t\t\t\t\t\t<img src=\"http:\/\/wp.moj-eracun.rs\/wp-content\/uploads\/2022\/12\/logoYuteamNew-2.png\" alt=\"http:\/\/wp.moj-eracun.rs\/wp-content\/uploads\/2022\/12\/logoYuteamNew-2.png\" data-no-lazy=\"1\" \/>\n                            <\/a>\n\t\t\t\t\t\t\t<img src=\"http:\/\/wp.moj-eracun.rs\/wp-content\/uploads\/2023\/03\/Kisoft-logo.png\" alt=\"http:\/\/wp.moj-eracun.rs\/wp-content\/uploads\/2023\/03\/Kisoft-logo.png\" data-no-lazy=\"1\" \/>\n<h3>\n\t\tSektor prodaje\n\t<\/h3>\n\t<p><a href=\"mailto:prodaja@moj-eracun.rs\">prodaja@moj-eracun.rs<\/a><\/p>\n<p><a href=\"tel:0114350565\">011 43 50 565<\/a><\/p>\n<h3>\n\t\tSektor tehni\u010dke podr\u0161ke\n\t<\/h3>\n\t<p><a href=\"mailto:techsupport.rs@moj-eracun.rs\">techsupport.rs@moj-eracun.rs<\/a><\/p>\n<p><a href=\"tel:0114350566\">011 43 50 566<\/a><\/p>\n<h3>\n\t\tOp\u0161te informacije\n\t<\/h3>\n\t<p><a href=\"tel:0114350555\">011 43 50 555<\/a><\/p>\n\n\t\t<h3>Servis Moj-eRa\u010dun<\/h3><ul><li><a href=\"https:\/\/www.moj-eracun.rs\/cms\/tehnicka-pozadina\/\">Tehni\u010dka pozadina<\/a><\/li><li><a href=\"https:\/\/www.moj-eracun.rs\/cms\/o-nama\/\">O NAMA<\/a><\/li><li><a href=\"https:\/\/www.moj-eracun.rs\/cms\/opsti-uslovi-poslovanja\/\">Op\u0161ti uslovi poslovanja<\/a><\/li><li><a href=\"https:\/\/www.moj-eracun.rs\/cms\/podrska\/\">Podr\u0161ka<\/a><\/li><li><a href=\"https:\/\/www.moj-eracun.rs\/cms\/karijera\/\">Karijera<\/a><\/li><li><a href=\"https:\/\/www.moj-eracun.rs\/cms\/blog-eracun\/\">Blog<\/a><\/li><\/ul><h3>Usluge<\/h3><ul><li><a href=\"https:\/\/www.moj-eracun.rs\/cms\/moj-earhiv\/\">MOJ-eARHIV<\/a><\/li><li><a href=\"https:\/\/www.moj-eracun.rs\/cms\/moj-dms\/\">MOJ-DMS<\/a><\/li><li><a href=\"https:\/\/www.moj-eracun.rs\/cms\/e-dokumenti\/\">e-DOKUMENTI<\/a><\/li><li><a href=\"https:\/\/www.moj-eracun.rs\/cms\/e-racun\/\">Elektronske fakture &#8211; slanje eRa\u010duna brzo i pouzdano<\/a><\/li><\/ul><h3>Postani korisnik<\/h3><ul><li><a href=\"https:\/\/www.moj-eracun.rs\/cms\/narucite-poziv\/\">Naru\u010dite poziv<\/a><\/li><li><a href=\"https:\/\/www.moj-eracun.rs\/cms\/zakazite-sastanak\/\">Zaka\u017eite sastanak<\/a><\/li><li><a href=\"https:\/\/www.moj-eracun.rs\/cms\/kalkulator-ustede\/\">Kalkulator u\u0161tede &#8211; jeftinije i ekolo\u0161ki<\/a><\/li><li><a href=\"https:\/\/www.moj-eracun.rs\/cms\/zatrazite-ponudu\/\">Zatra\u017eite ponudu<\/a><\/li><li><a href=\"https:\/\/www.moj-eracun.rs\/cms\/cenovnik\/\">Cenovnik<\/a><\/li><\/ul>\t\n\n","protected":false},"excerpt":{"rendered":"<p>Dobro do\u0161li na servis Moj-eRa\u010dun Portal za slanje i arhiviranje elektronskih faktura, i upravljanje drugim elektronskim dokumentima. Prijava na servis SEKTOR PRODAJE: 011 43 50 565 prodaja@moj-eracun.rs SEKTOR TEHNI\u010cKE PODR\u0160KE: 011 43 50 566 060 09 95 327 (samo poruke) Ukoliko su svi agenti zauzeti, molimo Vas da popunite formu na stranici tehni\u010dke podr\u0161ke techsupport.rs@moj-eracun.rs&hellip;<\/p>\n","protected":false},"author":1,"featured_media":1560,"parent":0,"menu_order":0,"comment_status":"closed","ping_status":"closed","template":"","meta":[],"_links":{"self":[{"href":"http:\/\/www.moj-eracun.rs\/cms\/wp-json\/wp\/v2\/pages\/2"}],"collection":[{"href":"http:\/\/www.moj-eracun.rs\/cms\/wp-json\/wp\/v2\/pages"}],"about":[{"href":"http:\/\/www.moj-eracun.rs\/cms\/wp-json\/wp\/v2\/types\/page"}],"author":[{"embeddable":true,"href":"http:\/\/www.moj-eracun.rs\/cms\/wp-json\/wp\/v2\/users\/1"}],"replies":[{"embeddable":true,"href":"http:\/\/www.moj-eracun.rs\/cms\/wp-json\/wp\/v2\/comments?post=2"}],"version-history":[{"count":119,"href":"http:\/\/www.moj-eracun.rs\/cms\/wp-json\/wp\/v2\/pages\/2\/revisions"}],"predecessor-version":[{"id":1782,"href":"http:\/\/www.moj-eracun.rs\/cms\/wp-json\/wp\/v2\/pages\/2\/revisions\/1782"}],"wp:featuredmedia":[{"embeddable":true,"href":"http:\/\/www.moj-eracun.rs\/cms\/wp-json\/wp\/v2\/media\/1560"}],"wp:attachment":[{"href":"http:\/\/www.moj-eracun.rs\/cms\/wp-json\/wp\/v2\/media?parent=2"}],"curies":[{"name":"wp","href":"https:\/\/api.w.org\/{rel}","templated":true}]}}